{"id":1285,"date":"2024-03-13T01:00:00","date_gmt":"2024-03-13T01:00:00","guid":{"rendered":"https:\/\/encounter.cz\/off-programme-performances\/"},"modified":"2026-04-01T18:57:06","modified_gmt":"2026-04-01T18:57:06","slug":"off-programme-performances","status":"publish","type":"page","link":"https:\/\/encounter.cz\/en\/off-programme-performances\/","title":{"rendered":"OFF programme performace &amp; screenings"},"content":{"rendered":"\n<div class=\"wp-block-group has-global-padding is-layout-constrained wp-block-group-is-layout-constrained\">\n<p>Entrance to OFF programme performance and screenings is free. <\/p>\n\n\n\n<p>However, the capacity of individual performances is limited, so it is necessary to buy a ticket for 0 CZK via <strong>GoOut <\/strong>or at <a href=\"https:\/\/encounter.cz\/en\/festival\/festival-venues\/#infocentrum\" data-type=\"page\" data-id=\"22\">The Infocentre<\/a>. <\/p>\n\n\n\n<p>All performances and screenings take place at the Theatre Faculty (JAMU) building. The program features original works by the university&#8217;s students. The authors ensure that their work is accessible to international audiences. English subtitles may also be available for selected titles.   <\/p>\n<\/div>\n\n<div class=\"wp-block-media-text alignfull is-stacked-on-mobile is-vertically-aligned-center has-custom-background-fill-color has-custom-primary-background-color has-text-color has-background has-link-color wp-elements-a057318a20334cff273f71a6da6e9c93\" style=\"grid-template-columns:41% auto\"><figure class=\"wp-block-media-text__media\"><img loading=\"lazy\" decoding=\"async\" width=\"1024\" height=\"683\" src=\"https:\/\/encounter.cz\/wp-content\/uploads\/2026\/03\/cucumis_sensus_georgievova_2025-48-1024x683.jpg\" alt=\"\" class=\"wp-image-5252 size-large\" srcset=\"https:\/\/encounter.cz\/wp-content\/uploads\/2026\/03\/cucumis_sensus_georgievova_2025-48-1024x683.jpg 1024w, https:\/\/encounter.cz\/wp-content\/uploads\/2026\/03\/cucumis_sensus_georgievova_2025-48-300x200.jpg 300w, https:\/\/encounter.cz\/wp-content\/uploads\/2026\/03\/cucumis_sensus_georgievova_2025-48-768x512.jpg 768w, https:\/\/encounter.cz\/wp-content\/uploads\/2026\/03\/cucumis_sensus_georgievova_2025-48-1536x1025.jpg 1536w, https:\/\/encounter.cz\/wp-content\/uploads\/2026\/03\/cucumis_sensus_georgievova_2025-48-2048x1366.jpg 2048w\" sizes=\"auto, (max-width: 1024px) 100vw, 1024px\" \/><\/figure><div class=\"wp-block-media-text__content\">\n<div class=\"wp-block-columns are-vertically-aligned-center is-layout-flex wp-container-core-columns-is-layout-d6d4bbd0 wp-block-columns-is-layout-flex\" style=\"padding-right:0;padding-left:0\">\n<div class=\"wp-block-column is-vertically-aligned-center is-layout-flow wp-block-column-is-layout-flow\" style=\"flex-basis:33.33%\">\n<h1 class=\"wp-block-heading has-text-align-right has-custom-secondary-color has-text-color has-link-color has-xx-large-font-size wp-elements-5eaf43ae5cfb68ff55253b351d89ec5a\">18. 4.<\/h1>\n<\/div>\n\n\n\n<div class=\"wp-block-column is-vertically-aligned-center is-layout-flow wp-container-core-column-is-layout-8a368f38 wp-block-column-is-layout-flow\" style=\"flex-basis:66.66%\">\n<div class=\"wp-block-group is-vertical is-layout-flex wp-container-core-group-is-layout-fe9cc265 wp-block-group-is-layout-flex\">\n<h4 class=\"wp-block-heading has-custom-background-fill-color has-text-color has-link-color wp-elements-65e515c9955e91379c94b78b4a6f6a15\"> CUCUMIS SENSUS<\/h4>\n<\/div>\n\n\n\n<p class=\"has-custom-secondary-color has-text-color has-link-color wp-elements-cd320da4714b119d61925119f525794d\">11:00 \u2013 12:00 | Theatre Faculty | 013<\/p>\n<\/div>\n<\/div>\n\n\n\n<p>In this world, it is not enough just to grow. To grow freely. It must be cultivated. Cultivated so that the result is not just a product. But a perfect product. A cultivated product. By us. By me. By humans. Because I am human. I cultivate. I was bornwith a task. To cultivate. Culture. To cultivate the culture of society.\u202f <br\/>\u202f <br\/>Theater is the only art form that cannot be preserved through AI databases. Theater will not remain after us. A production as a futuristic ritual that seeks whose culture it is and for whom it is in a post-humanist world. \u202f <br\/>\u202f <br\/>Where is the next intellectual performance that no one understands?   <\/p>\n\n\n\n<h4 class=\"wp-block-heading has-custom-secondary-color has-text-color has-link-color wp-elements-87b5b97a1a0524325df31c9e4eb8e4d1\">Crew<\/h4>\n\n\n\n<p>Starring: Erik V\u0161eti\u010dka\u202f <br\/>Director: Anu\u0161e \u0158eh\u016f\u0159kov\u00e1\u202f <br\/>Dramaturgy: Tereza Sobotkov\u00e1\u202f <br\/>Written by: Anu\u0161e \u0158eh\u016f\u0159kov\u00e1, Tereza Sobotkov\u00e1 a kol.\u202f <br\/>Set and graphic design: Barbora Netopilov\u00e1\u202f <br\/>Video: Jasm\u00edna Georgievov\u00e1\u202f <br\/>Technical support: Radan Valenta, Tom\u00e1\u0161 \u0160vejcar\u202f <br\/>Production: Kl\u00e1ra \u0160kvarov\u00e1, Lucie Blechov\u00e1 <\/p>\n<\/div><\/div>\n\n<div class=\"wp-block-media-text alignfull has-media-on-the-right is-stacked-on-mobile is-vertically-aligned-center has-custom-primary-color has-custom-background-fill-background-color has-text-color has-background has-link-color wp-elements-6fb7431fa7cadf6c8ecdb779e6b6473e\" style=\"grid-template-columns:auto 41%\"><div class=\"wp-block-media-text__content\">\n<div class=\"wp-block-columns are-vertically-aligned-center has-contrast-color has-text-color has-link-color wp-elements-fef66dacf4237ab2aa191e056ad33d65 is-layout-flex wp-container-core-columns-is-layout-d6d4bbd0 wp-block-columns-is-layout-flex\" style=\"padding-right:0;padding-left:0\">\n<div class=\"wp-block-column is-vertically-aligned-center is-layout-flow wp-block-column-is-layout-flow\" style=\"flex-basis:33.33%\">\n<h1 class=\"wp-block-heading has-text-align-right has-custom-primary-color has-text-color has-link-color has-xx-large-font-size wp-elements-8f8a38e94a8f90927f4f6f71222677a3\">18. 4.  <\/h1>\n<\/div>\n\n\n\n<div class=\"wp-block-column is-vertically-aligned-center is-layout-flow wp-container-core-column-is-layout-8a368f38 wp-block-column-is-layout-flow\" style=\"flex-basis:66.66%\">\n<div class=\"wp-block-group is-vertical is-layout-flex wp-container-core-group-is-layout-fe9cc265 wp-block-group-is-layout-flex\">\n<h4 class=\"wp-block-heading has-custom-primary-color has-text-color has-link-color wp-elements-df35299b155d80ca48cd14f275f33949\">Irenka<strong><strong>, <\/strong><\/strong>Barbora Ku\u010derov\u00e1<\/h4>\n<\/div>\n\n\n\n<p class=\"has-custom-primary-color has-text-color has-link-color wp-elements-205f62a7d3c45158698a8448748ed64c\">12:30 | Theatre Faculty | The Chillout Room<\/p>\n<\/div>\n<\/div>\n\n\n\n<p>A short photographic film about my centenarian great-grandmother Irena Dohnalov\u00e1. Her father fought in World War I, she lived in the Protectorate of Bohemia and Moravia during World War II and now hopes that she will not experience World War III. A documentary about how a centenarian sees today&#8217;s world.  <\/p>\n\n\n\n<h4 class=\"wp-block-heading has-custom-primary-color has-text-color has-link-color wp-elements-a2003c962d5353027cfc95058ec05517\">Crew<\/h4>\n\n\n\n<p>Barbora Ku\u010derov\u00e1 <\/p>\n\n\n\n<p>Starring: Irena Dohnalov\u00e1 <\/p>\n<\/div><figure class=\"wp-block-media-text__media\"><img loading=\"lazy\" decoding=\"async\" width=\"1024\" height=\"683\" src=\"https:\/\/encounter.cz\/wp-content\/uploads\/2026\/03\/Media-1024x683.jpeg\" alt=\"\" class=\"wp-image-5176 size-large\" srcset=\"https:\/\/encounter.cz\/wp-content\/uploads\/2026\/03\/Media-1024x683.jpeg 1024w, https:\/\/encounter.cz\/wp-content\/uploads\/2026\/03\/Media-300x200.jpeg 300w, https:\/\/encounter.cz\/wp-content\/uploads\/2026\/03\/Media-768x512.jpeg 768w, https:\/\/encounter.cz\/wp-content\/uploads\/2026\/03\/Media-1536x1024.jpeg 1536w, https:\/\/encounter.cz\/wp-content\/uploads\/2026\/03\/Media.jpeg 2048w\" sizes=\"auto, (max-width: 1024px) 100vw, 1024px\" \/><\/figure><\/div>\n\n<div class=\"wp-block-media-text alignfull is-stacked-on-mobile is-vertically-aligned-center has-custom-background-fill-color has-custom-primary-background-color has-text-color has-background has-link-color wp-elements-c3b1a49ffc82ebfc6689bb1552408b6a\" style=\"grid-template-columns:41% auto\"><figure class=\"wp-block-media-text__media\"><img loading=\"lazy\" decoding=\"async\" width=\"960\" height=\"960\" src=\"https:\/\/encounter.cz\/wp-content\/uploads\/2026\/03\/Copy-of-MS-mistakes_cover_art.png\" alt=\"\" class=\"wp-image-5178 size-large\" srcset=\"https:\/\/encounter.cz\/wp-content\/uploads\/2026\/03\/Copy-of-MS-mistakes_cover_art.png 960w, https:\/\/encounter.cz\/wp-content\/uploads\/2026\/03\/Copy-of-MS-mistakes_cover_art-300x300.png 300w, https:\/\/encounter.cz\/wp-content\/uploads\/2026\/03\/Copy-of-MS-mistakes_cover_art-150x150.png 150w, https:\/\/encounter.cz\/wp-content\/uploads\/2026\/03\/Copy-of-MS-mistakes_cover_art-768x768.png 768w\" sizes=\"auto, (max-width: 960px) 100vw, 960px\" \/><\/figure><div class=\"wp-block-media-text__content\">\n<div class=\"wp-block-columns are-vertically-aligned-center is-layout-flex wp-container-core-columns-is-layout-d6d4bbd0 wp-block-columns-is-layout-flex\" style=\"padding-right:0;padding-left:0\">\n<div class=\"wp-block-column is-vertically-aligned-center is-layout-flow wp-block-column-is-layout-flow\" style=\"flex-basis:33.33%\">\n<h1 class=\"wp-block-heading has-text-align-right has-custom-secondary-color has-text-color has-link-color has-xx-large-font-size wp-elements-5b5320e841a6058518426321cce4e281\">18. 4.  <\/h1>\n<\/div>\n\n\n\n<div class=\"wp-block-column is-vertically-aligned-center is-layout-flow wp-container-core-column-is-layout-8a368f38 wp-block-column-is-layout-flow\" style=\"flex-basis:66.66%\">\n<div class=\"wp-block-group is-vertical is-layout-flex wp-container-core-group-is-layout-fe9cc265 wp-block-group-is-layout-flex\">\n<h4 class=\"wp-block-heading has-custom-background-fill-color has-text-color has-link-color wp-elements-c547b2095307d23535d3e6b623a04ec9\">Mistakes,<strong><strong> <\/strong><\/strong>Jasm\u00edna Georgievov\u00e1 and team<\/h4>\n<\/div>\n\n\n\n<p class=\"has-custom-secondary-color has-text-color has-link-color wp-elements-65d173a466b390e096b595b713c91284\">13:00 | DF JAMU | The Chillout Room<\/p>\n<\/div>\n<\/div>\n\n\n\n<p>Single \u2013 Mistakes by Midnight Swimmers <\/p>\n\n\n\n<p>Why has love become so anonymous? <\/p>\n\n\n\n<p>Digital loneliness, OnlyFans, porn addiction, \u201cgooning,\u201d and an obsession with online girlfriends. According to sexual behavior studies, Gen Z is having less sex than previous generations.  <\/p>\n\n\n\n<p>Are real relationships fading as life increasingly unfolds online? Is it easier to spend a fortune and stay anonymous? <\/p>\n\n\n\n<h4 class=\"wp-block-heading has-custom-secondary-color has-text-color has-link-color wp-elements-87b5b97a1a0524325df31c9e4eb8e4d1\">Crew<\/h4>\n\n\n\n<p>Starring: Terezie Anna P\u0159ikrylov\u00e1, KE\/R <\/p>\n\n\n\n<p>Script: Jan Rec, Albert Pazdera <\/p>\n\n\n\n<p>Director: Jan Rec <\/p>\n\n\n\n<p>Camera: Jasm\u00edna Georgievov\u00e1 <\/p>\n\n\n\n<p>Costume designer: Barbora Netopilov\u00e1 <\/p>\n\n\n\n<p>Production and catering: Albert Pazdera <\/p>\n\n\n\n<p>Colorist: Petr \u010c\u00ed\u017eek <\/p>\n\n\n\n<p>Editors: Jan Rec, Jasm\u00edna Georgievov\u00e1, Albert Pazdera <\/p>\n<\/div><\/div>\n\n<div class=\"wp-block-media-text alignfull has-media-on-the-right is-stacked-on-mobile is-vertically-aligned-center has-custom-primary-color has-custom-background-fill-background-color has-text-color has-background has-link-color wp-elements-884c3e0da003cb985ac7a86386be922e\" style=\"grid-template-columns:auto 41%\"><div class=\"wp-block-media-text__content\">\n<div class=\"wp-block-columns are-vertically-aligned-center has-contrast-color has-text-color has-link-color wp-elements-c75a29ef37f3256423082aa672e1df89 is-layout-flex wp-container-core-columns-is-layout-d6d4bbd0 wp-block-columns-is-layout-flex\" style=\"padding-right:0;padding-left:0\">\n<div class=\"wp-block-column is-vertically-aligned-center is-layout-flow wp-block-column-is-layout-flow\" style=\"flex-basis:33.33%\">\n<h1 class=\"wp-block-heading has-text-align-right has-custom-primary-color has-text-color has-link-color has-xx-large-font-size wp-elements-8f8a38e94a8f90927f4f6f71222677a3\">18. 4.  <\/h1>\n<\/div>\n\n\n\n<div class=\"wp-block-column is-vertically-aligned-center is-layout-flow wp-container-core-column-is-layout-8a368f38 wp-block-column-is-layout-flow\" style=\"flex-basis:66.66%\">\n<div class=\"wp-block-group is-vertical is-layout-flex wp-container-core-group-is-layout-fe9cc265 wp-block-group-is-layout-flex\">\n<h4 class=\"wp-block-heading has-custom-primary-color has-text-color has-link-color wp-elements-e4c161957f389fd2050c5b72b692d9b3\">Bohyn\u011b \u2013 cesty osudu, Dominika Pr\u00e1\u0161kov\u00e1 and team<\/h4>\n<\/div>\n\n\n\n<p class=\"has-custom-primary-color has-text-color has-link-color wp-elements-3c069a026cab6f7e8f9f3eee0ca6394e\">13:15 | Theatre Faculty | The Chillout Room<\/p>\n<\/div>\n<\/div>\n\n\n\n<p>Goddess. What was she really? Some called her a mythical healer, while others whispered of her witchcraft. Yet, to many common folk, she was a revered figure, a bridge between humanity and nature, a guardian of ancient rituals, embodying the essence of womanhood with the soul of the wilds. <br\/> <br\/>Our tale unfolds in the past, when humans still lived in a profound symbiosis with nature, with fewer desires to conquer it. This narrative tells of a love between two young people, into which the ancient forces of nature and fate intervene. Their affection is further tested by jealousy and deceit, and laced with the fervor of the lavish Midsummer celebrations, during which our saga unfolds. The ethereal presence of the Goddess mysteriously permeates the fabric of these events, a guardian hovering over the destiny-laden paths of the enamored couple.        She must tirelessly defend her position as a woman endowed with the ability to heal and see into the fates of others, from those who dare to challenge her. <\/p>\n\n\n\n<h4 class=\"wp-block-heading has-custom-primary-color has-text-color has-link-color wp-elements-a2003c962d5353027cfc95058ec05517\">Crew<\/h4>\n\n\n\n<p>Director: Dominika Pr\u00e1\u0161kov\u00e1 (DF Dramatick\u00e1 tvorba a m\u00e9dia) <br\/>Clapper: \u0160t\u011bp\u00e1n Blinka (HF &#8211; Hra na housle) <br\/>Script: Marcel Peterka (DF abs. RTDS) <br\/>Choreography: Jan Kysu\u010dan <br\/>Asistent of choreography: Lenka Fu\u010d\u00edkov\u00e1 (DF abs. Tane\u010dn\u00ed a pohybov\u00e9 divadlo a v\u00fdchova) <br\/>Production: Anna Varausov\u00e1 <br\/>Main Camera: Michal Mich\u00e1lek <br\/>Camera: Jarom\u00edr Kalina <br\/>Focus puller: Dominik Schmidt, Tereza Ondry\u00e1\u0161ov\u00e1 (DF Dramatick\u00e1 tvorba a m\u00e9dia) <br\/>Mistr zvuku, hl. sv\u011btlo: Petr Kholl (DF abs. ADPaJT)  <br\/>Light: Roman Pelda, Tobi\u00e1\u0161 Mertl (DF ADPaJT), Monika Lap\u00e1\u010dkov\u00e1 (DF abs. ADPaJT), Jan Valo\u0161ek <br\/>Sound: V\u00e1clav Mari\u00e1n \u0160est\u00e1k (DF abs. ADPaJT) <br\/>Technical support: Ond\u0159ej Barto\u0161ek, Ji\u0159\u00ed Mottl <br\/>Costumes: Anna Ba\u0161ta\u0159ov\u00e1 <br\/>Make-up, skript: Anna Horn\u00edkov\u00e1 <br\/>Runner: Hugo Kundra\u010dik <br\/>Runner, driver: Mat\u011bj Hors\u00e1k, Michal Kr\u016fl <br\/>Driver, security: Tade\u00e1\u0161 Varaus <br\/>Van: Ond\u0159ej B\u011bl\u00edk <br\/>Fire: Martin Pol\u00e1\u010dek <br\/>Photography: Nat\u00e1lie Divincov\u00e1 (DF abs. Dramatick\u00e1 tvorba a m\u00e9dia) <br\/> <br\/>Cast <br\/>Bohyn\u011b: Evel\u00edna Stud\u00e9nkov\u00e1 (DF abs. Dramatick\u00e1 um\u011bn\u00ed) <br\/>Eli\u0161ka: Al\u017eb\u011bta Jan\u00ed\u010dkov\u00e1 <br\/>Marek: Jan Ludva (DF abs. Dramatick\u00e1 um\u011bn\u00ed) <br\/>Sokyn\u011b: Monika Tomkov\u00e1 (DF abs. Herectv\u00ed) <br\/>Franc: Jan Vale\u0161 (DF abs. Dramatick\u00e1 um\u011bn\u00ed) <br\/>mom: Marta Mat\u011bjov\u00e1 <br\/>child: V\u00e1clav Trusina <br\/>Dance company: Vikt\u00f3ria Hud\u00e1kov\u00e1, Kate\u0159ina Jane\u010dkov\u00e1, Gabriela Jan\u00ed\u010dkov\u00e1, Tereza Jindr\u00e1kov\u00e1, Alena Kozlov\u00e1, Michal Kr\u016fl, Luk\u00e1\u0161 Paseka, Victor Peeters, Denis \u0160imoni\u010d <br\/>Storyteller: Drahom\u00edra Hofmanov\u00e1 <\/p>\n<\/div><figure class=\"wp-block-media-text__media\"><img loading=\"lazy\" decoding=\"async\" width=\"729\" height=\"1024\" src=\"https:\/\/encounter.cz\/wp-content\/uploads\/2026\/03\/Plakat-A3_page-0001-729x1024.jpg\" alt=\"\" class=\"wp-image-5186 size-large\" srcset=\"https:\/\/encounter.cz\/wp-content\/uploads\/2026\/03\/Plakat-A3_page-0001-729x1024.jpg 729w, https:\/\/encounter.cz\/wp-content\/uploads\/2026\/03\/Plakat-A3_page-0001-213x300.jpg 213w, https:\/\/encounter.cz\/wp-content\/uploads\/2026\/03\/Plakat-A3_page-0001-768x1079.jpg 768w, https:\/\/encounter.cz\/wp-content\/uploads\/2026\/03\/Plakat-A3_page-0001-1093x1536.jpg 1093w, https:\/\/encounter.cz\/wp-content\/uploads\/2026\/03\/Plakat-A3_page-0001-1457x2048.jpg 1457w, https:\/\/encounter.cz\/wp-content\/uploads\/2026\/03\/Plakat-A3_page-0001.jpg 1790w\" sizes=\"auto, (max-width: 729px) 100vw, 729px\" \/><\/figure><\/div>\n\n<div class=\"wp-block-media-text alignfull is-stacked-on-mobile is-vertically-aligned-center has-custom-background-fill-color has-custom-primary-background-color has-text-color has-background has-link-color wp-elements-993c8322e6b307074a5048c9527d9928\" style=\"grid-template-columns:41% auto\"><figure class=\"wp-block-media-text__media\"><img loading=\"lazy\" decoding=\"async\" width=\"768\" height=\"1024\" src=\"https:\/\/encounter.cz\/wp-content\/uploads\/2026\/03\/Plakat-Ludek-768x1024.png\" alt=\"\" class=\"wp-image-5181 size-large\" srcset=\"https:\/\/encounter.cz\/wp-content\/uploads\/2026\/03\/Plakat-Ludek-768x1024.png 768w, https:\/\/encounter.cz\/wp-content\/uploads\/2026\/03\/Plakat-Ludek-225x300.png 225w, https:\/\/encounter.cz\/wp-content\/uploads\/2026\/03\/Plakat-Ludek-1152x1536.png 1152w, https:\/\/encounter.cz\/wp-content\/uploads\/2026\/03\/Plakat-Ludek-1536x2048.png 1536w, https:\/\/encounter.cz\/wp-content\/uploads\/2026\/03\/Plakat-Ludek-scaled.png 1920w\" sizes=\"auto, (max-width: 768px) 100vw, 768px\" \/><\/figure><div class=\"wp-block-media-text__content\">\n<div class=\"wp-block-columns are-vertically-aligned-center is-layout-flex wp-container-core-columns-is-layout-d6d4bbd0 wp-block-columns-is-layout-flex\" style=\"padding-right:0;padding-left:0\">\n<div class=\"wp-block-column is-vertically-aligned-center is-layout-flow wp-block-column-is-layout-flow\" style=\"flex-basis:33.33%\">\n<h1 class=\"wp-block-heading has-text-align-right has-custom-secondary-color has-text-color has-link-color has-xx-large-font-size wp-elements-5b5320e841a6058518426321cce4e281\">18. 4.  <\/h1>\n<\/div>\n\n\n\n<div class=\"wp-block-column is-vertically-aligned-center is-layout-flow wp-container-core-column-is-layout-8a368f38 wp-block-column-is-layout-flow\" style=\"flex-basis:66.66%\">\n<div class=\"wp-block-group is-vertical is-layout-flex wp-container-core-group-is-layout-fe9cc265 wp-block-group-is-layout-flex\">\n<h4 class=\"wp-block-heading has-custom-background-fill-color has-text-color has-link-color wp-elements-5bd1d45c6b0afd0b07d2bf1ff808adf0\">Lud\u011bk, \u0160imon P\u00e1vek<\/h4>\n<\/div>\n\n\n\n<p class=\"has-custom-secondary-color has-text-color has-link-color wp-elements-3894a91f3883145e5d46d884af5b73bd\">14:15 | DF JAMU | The Chillout Room<\/p>\n<\/div>\n<\/div>\n\n\n\n<p>Portrait of a founding member of Brno&#8217;s L\u00ed\u0161e\u0148 Theatre and the work of this family ensemble, which focuses on puppets and is devoted to socially and politically oriented themes. <\/p>\n\n\n\n<h4 class=\"wp-block-heading has-custom-secondary-color has-text-color has-link-color wp-elements-87b5b97a1a0524325df31c9e4eb8e4d1\">Crew<\/h4>\n\n\n\n<p>\u0160imon P\u00e1vek<\/p>\n<\/div><\/div>\n\n<div class=\"wp-block-media-text alignfull has-media-on-the-right is-stacked-on-mobile is-vertically-aligned-center has-custom-primary-color has-custom-background-fill-background-color has-text-color has-background has-link-color wp-elements-1fd19fda2cedff515e70a735cb767a15\" style=\"grid-template-columns:auto 41%\"><div class=\"wp-block-media-text__content\">\n<div class=\"wp-block-columns are-vertically-aligned-center has-contrast-color has-text-color has-link-color wp-elements-4be3f6885fa0d28d044a25375d826931 is-layout-flex wp-container-core-columns-is-layout-d6d4bbd0 wp-block-columns-is-layout-flex\" style=\"padding-right:0;padding-left:0\">\n<div class=\"wp-block-column is-vertically-aligned-center is-layout-flow wp-block-column-is-layout-flow\" style=\"flex-basis:33.33%\">\n<h1 class=\"wp-block-heading has-text-align-right has-custom-primary-color has-text-color has-link-color has-xx-large-font-size wp-elements-8f8a38e94a8f90927f4f6f71222677a3\">18. 4.  <\/h1>\n<\/div>\n\n\n\n<div class=\"wp-block-column is-vertically-aligned-center is-layout-flow wp-container-core-column-is-layout-8a368f38 wp-block-column-is-layout-flow\" style=\"flex-basis:66.66%\">\n<div class=\"wp-block-group is-vertical is-layout-flex wp-container-core-group-is-layout-fe9cc265 wp-block-group-is-layout-flex\">\n<h4 class=\"wp-block-heading has-custom-primary-color has-text-color has-link-color wp-elements-da24e0c55f154eeb78c5e247de23f830\">Rande, Kl\u00e1ra Prchalov\u00e1 and team<\/h4>\n<\/div>\n\n\n\n<p class=\"has-custom-primary-color has-text-color has-link-color wp-elements-2e525fcac056aa05faf8af6a3802ef9e\">14:45 | Theatre Faculty | The Chillout Room<\/p>\n<\/div>\n<\/div>\n\n\n\n<p>&#8220;And they lived happily ever after&#8221; &#8211; This is how every fairy tale ends, but life is not a fairy tale. <br\/>Three men, three dates, one American restaurant and one big secret that Bella&#8217;s hiding from all the boys &#8211; why?\u201d <\/p>\n\n\n\n<h4 class=\"wp-block-heading has-custom-primary-color has-text-color has-link-color wp-elements-a2003c962d5353027cfc95058ec05517\">Crew<\/h4>\n\n\n\n<p>Story by, script, director: Kl\u00e1ra Prchalov\u00e1 <br\/>Dramaturgy, script editor: Tereza Panocov\u00e1 a Michale Randusov\u00e1 <br\/>Camera: Jan Pachol\u00edk (externista) <br\/>Sound: Filip Rampas (externista) <br\/>Scenography: Karol\u00edna Bal\u00e1\u017eov\u00e1 <br\/>Production: Zdenka Bene\u0161ov\u00e1 <br\/>Assistants production: Vilma Draho\u0161ov\u00e1, Anna Bare\u0161ov\u00e1, Marta Celkov\u00e1, Anna Sara \u010cern\u00e1 (externisti) <br\/>Assistant director: Zdenka Bene\u0161ov\u00e1 <br\/>Editor: Kl\u00e1ra Prchalov\u00e1 <br\/>Assistant Editor: Zdenka Bene\u0161ov\u00e1 <br\/>Original score: Maty\u00e1\u0161 Kyncl <br\/>Soundtrack: Caramel (Maty\u00e1\u0161 Kyncl, Franti\u0161ek Hr\u00e1dek, Ond\u0159ej Kohoutek) <br\/> <br\/>Starring: <br\/>Al\u017ebeta \u0160tub\u0148ov\u00e1 <br\/>\u0160t\u011bp\u00e1n Lap\u00e1\u010dek (externist) <br\/>Jan Karola <br\/>David Wimmer <br\/>Maty\u00e1\u0161 Walder <br\/>Jan Franti\u0161ek Uher (externist) <br\/>Petr Erhart <br\/>Vilma Draho\u0161ov\u00e1 (externist) <\/p>\n<\/div><figure class=\"wp-block-media-text__media\"><img loading=\"lazy\" decoding=\"async\" width=\"719\" height=\"1024\" src=\"https:\/\/encounter.cz\/wp-content\/uploads\/2026\/03\/RANDE-719x1024.jpeg\" alt=\"\" class=\"wp-image-5183 size-large\" srcset=\"https:\/\/encounter.cz\/wp-content\/uploads\/2026\/03\/RANDE-719x1024.jpeg 719w, https:\/\/encounter.cz\/wp-content\/uploads\/2026\/03\/RANDE-211x300.jpeg 211w, https:\/\/encounter.cz\/wp-content\/uploads\/2026\/03\/RANDE-768x1094.jpeg 768w, https:\/\/encounter.cz\/wp-content\/uploads\/2026\/03\/RANDE-1078x1536.jpeg 1078w, https:\/\/encounter.cz\/wp-content\/uploads\/2026\/03\/RANDE-1438x2048.jpeg 1438w, https:\/\/encounter.cz\/wp-content\/uploads\/2026\/03\/RANDE-scaled.jpeg 1797w\" sizes=\"auto, (max-width: 719px) 100vw, 719px\" \/><\/figure><\/div>\n","protected":false},"excerpt":{"rendered":"<p>Entrance to OFF programme performance and screenings is free. However, the capacity of individual performances is limited, so it is necessary to buy a ticket for 0 CZK via GoOut or at The Infocentre. All performances and screenings take place at the Theatre Faculty (JAMU) building. The program features original works by the university&#8217;s students. [&hellip;]<\/p>\n","protected":false},"author":2,"featured_media":0,"parent":0,"menu_order":0,"comment_status":"closed","ping_status":"closed","template":"","meta":{"footnotes":""},"class_list":["post-1285","page","type-page","status-publish","hentry"],"_links":{"self":[{"href":"https:\/\/encounter.cz\/en\/wp-json\/wp\/v2\/pages\/1285","targetHints":{"allow":["GET"]}}],"collection":[{"href":"https:\/\/encounter.cz\/en\/wp-json\/wp\/v2\/pages"}],"about":[{"href":"https:\/\/encounter.cz\/en\/wp-json\/wp\/v2\/types\/page"}],"author":[{"embeddable":true,"href":"https:\/\/encounter.cz\/en\/wp-json\/wp\/v2\/users\/2"}],"replies":[{"embeddable":true,"href":"https:\/\/encounter.cz\/en\/wp-json\/wp\/v2\/comments?post=1285"}],"version-history":[{"count":15,"href":"https:\/\/encounter.cz\/en\/wp-json\/wp\/v2\/pages\/1285\/revisions"}],"predecessor-version":[{"id":5644,"href":"https:\/\/encounter.cz\/en\/wp-json\/wp\/v2\/pages\/1285\/revisions\/5644"}],"wp:attachment":[{"href":"https:\/\/encounter.cz\/en\/wp-json\/wp\/v2\/media?parent=1285"}],"curies":[{"name":"wp","href":"https:\/\/api.w.org\/{rel}","templated":true}]}}