{"id":1453,"date":"2024-03-28T21:38:44","date_gmt":"2024-03-28T21:38:44","guid":{"rendered":"https:\/\/encounter.cz\/ceremonies\/"},"modified":"2026-04-10T19:10:24","modified_gmt":"2026-04-10T19:10:24","slug":"ceremonies","status":"publish","type":"page","link":"https:\/\/encounter.cz\/en\/ceremonies\/","title":{"rendered":"Ceremonies"},"content":{"rendered":"\n<div class=\"wp-block-group alignfull is-layout-flow wp-container-core-group-is-layout-bc2a1e87 wp-block-group-is-layout-flow\" style=\"border-style:none;border-width:0px;border-radius:0px;min-height:0px;margin-top:0;margin-bottom:0;padding-top:6vw;padding-right:6vw;padding-bottom:6vw;padding-left:6vw\">\n<div class=\"wp-block-group is-vertical is-nowrap is-layout-flex wp-container-core-group-is-layout-36fd9ea3 wp-block-group-is-layout-flex\" style=\"padding-right:0;padding-left:0\">\n<div class=\"wp-block-media-text is-stacked-on-mobile\"><figure class=\"wp-block-media-text__media\"><img loading=\"lazy\" decoding=\"async\" width=\"1024\" height=\"683\" src=\"https:\/\/encounter.cz\/wp-content\/uploads\/2026\/04\/240416_Sperkova-6-2-1024x683.jpg\" alt=\"\" class=\"wp-image-5820 size-full\" srcset=\"https:\/\/encounter.cz\/wp-content\/uploads\/2026\/04\/240416_Sperkova-6-2-1024x683.jpg 1024w, https:\/\/encounter.cz\/wp-content\/uploads\/2026\/04\/240416_Sperkova-6-2-300x200.jpg 300w, https:\/\/encounter.cz\/wp-content\/uploads\/2026\/04\/240416_Sperkova-6-2-768x512.jpg 768w, https:\/\/encounter.cz\/wp-content\/uploads\/2026\/04\/240416_Sperkova-6-2-1536x1024.jpg 1536w, https:\/\/encounter.cz\/wp-content\/uploads\/2026\/04\/240416_Sperkova-6-2-2048x1365.jpg 2048w\" sizes=\"auto, (max-width: 1024px) 100vw, 1024px\" \/><\/figure><div class=\"wp-block-media-text__content\">\n<h1 class=\"wp-block-heading\"><strong>Opening ceremony<\/strong><\/h1>\n\n\n\n<h2 class=\"wp-block-heading\" id=\"ecosystem\" style=\"font-size:clamp(21.027px, 1.314rem + ((1vw - 3.2px) * 1.351), 34px);\">16:45 \u2013 18:30 | The Goose on a string Theatre<\/h2>\n\n\n\n<p style=\"margin-right:0;margin-left:0;padding-top:var(--wp--preset--spacing--10);padding-right:var(--wp--preset--spacing--40);padding-bottom:var(--wp--preset--spacing--10);padding-left:var(--wp--preset--spacing--40)\"><em>The parade will start in front of the JAMU and proceed past The Theatre on Orl\u00ed street directly to Zeln\u00fd trh. <\/em><br><em>It will culminate with the opening ceremony, which will take place on Al\u017eb\u011btinsk\u00e1 stage of The Goose on a string theate.<\/em><\/p>\n\n\n\n<p><em>Following the opening ceremony, there will be an ENC: THE EXPANDING GROOVE party featuring performances by Jazzband, F.E.W., and Gasoline Rainbow.<\/em><\/p>\n\n\n\n<p><em>Admission is free for both the opening ceremony and the party that follows.<\/em><\/p>\n<\/div><\/div>\n<\/div>\n\n\n\n<div style=\"height:100px\" aria-hidden=\"true\" class=\"wp-block-spacer\"><\/div>\n\n\n\n<div class=\"wp-block-group is-vertical is-layout-flex wp-container-core-group-is-layout-fe9cc265 wp-block-group-is-layout-flex\">\n<div class=\"wp-block-media-text is-stacked-on-mobile\"><figure class=\"wp-block-media-text__media\"><img loading=\"lazy\" decoding=\"async\" width=\"1024\" height=\"683\" src=\"https:\/\/encounter.cz\/wp-content\/uploads\/2026\/04\/240420_sobota_sperkova-38-of-59-1-1024x683.jpg\" alt=\"\" class=\"wp-image-5822 size-full\" srcset=\"https:\/\/encounter.cz\/wp-content\/uploads\/2026\/04\/240420_sobota_sperkova-38-of-59-1-1024x683.jpg 1024w, https:\/\/encounter.cz\/wp-content\/uploads\/2026\/04\/240420_sobota_sperkova-38-of-59-1-300x200.jpg 300w, https:\/\/encounter.cz\/wp-content\/uploads\/2026\/04\/240420_sobota_sperkova-38-of-59-1-768x512.jpg 768w, https:\/\/encounter.cz\/wp-content\/uploads\/2026\/04\/240420_sobota_sperkova-38-of-59-1-1536x1024.jpg 1536w, https:\/\/encounter.cz\/wp-content\/uploads\/2026\/04\/240420_sobota_sperkova-38-of-59-1-2048x1365.jpg 2048w\" sizes=\"auto, (max-width: 1024px) 100vw, 1024px\" \/><\/figure><div class=\"wp-block-media-text__content\">\n<h1 class=\"wp-block-heading\"><strong><strong><strong>Closing ceremony<\/strong><\/strong><\/strong><\/h1>\n\n\n\n<h2 class=\"wp-block-heading\" id=\"ecosystem\" style=\"font-size:clamp(21.027px, 1.314rem + ((1vw - 3.2px) * 1.351), 34px);\">19:00 | The Goose on a string Theatre<\/h2>\n\n\n\n<p style=\"margin-right:0;margin-left:0;padding-top:var(--wp--preset--spacing--10);padding-right:var(--wp--preset--spacing--40);padding-bottom:var(--wp--preset--spacing--10);padding-left:var(--wp--preset--spacing--40)\"><em>Attendance at the Closing Ceremony is subject to receipt of a ticket. It is intended for guest ensembles, organizers and guests of the festival.<\/em><\/p>\n\n\n\n<p><em>Following the closing ceremony, there will be an ENC: FULL ROTATION party featuring a performance by Cold Meat Party, followed by a set by DJ Tulsi.<\/em><\/p>\n<\/div><\/div>\n<\/div>\n\n\n\n<div style=\"height:100px\" aria-hidden=\"true\" class=\"wp-block-spacer\"><\/div>\n<\/div>\n","protected":false},"excerpt":{"rendered":"<p>Opening ceremony 16:45 \u2013 18:30 | The Goose on a string Theatre The parade will start in front of the JAMU and proceed past The Theatre on Orl\u00ed street directly to Zeln\u00fd trh. It will culminate with the opening ceremony, which will take place on Al\u017eb\u011btinsk\u00e1 stage of The Goose on a string theate. Following [&hellip;]<\/p>\n","protected":false},"author":2,"featured_media":0,"parent":0,"menu_order":0,"comment_status":"closed","ping_status":"closed","template":"","meta":{"footnotes":""},"class_list":["post-1453","page","type-page","status-publish","hentry"],"_links":{"self":[{"href":"https:\/\/encounter.cz\/en\/wp-json\/wp\/v2\/pages\/1453","targetHints":{"allow":["GET"]}}],"collection":[{"href":"https:\/\/encounter.cz\/en\/wp-json\/wp\/v2\/pages"}],"about":[{"href":"https:\/\/encounter.cz\/en\/wp-json\/wp\/v2\/types\/page"}],"author":[{"embeddable":true,"href":"https:\/\/encounter.cz\/en\/wp-json\/wp\/v2\/users\/2"}],"replies":[{"embeddable":true,"href":"https:\/\/encounter.cz\/en\/wp-json\/wp\/v2\/comments?post=1453"}],"version-history":[{"count":18,"href":"https:\/\/encounter.cz\/en\/wp-json\/wp\/v2\/pages\/1453\/revisions"}],"predecessor-version":[{"id":5882,"href":"https:\/\/encounter.cz\/en\/wp-json\/wp\/v2\/pages\/1453\/revisions\/5882"}],"wp:attachment":[{"href":"https:\/\/encounter.cz\/en\/wp-json\/wp\/v2\/media?parent=1453"}],"curies":[{"name":"wp","href":"https:\/\/api.w.org\/{rel}","templated":true}]}}