{"id":3995,"date":"2026-03-15T23:50:00","date_gmt":"2026-03-15T23:50:00","guid":{"rendered":"https:\/\/encounter.cz\/?page_id=3995"},"modified":"2026-04-07T08:39:50","modified_gmt":"2026-04-07T08:39:50","slug":"music-academy-of-performing-arts-czech-republic","status":"publish","type":"page","link":"https:\/\/encounter.cz\/en\/music-academy-of-performing-arts-czech-republic\/","title":{"rendered":"The Academy of Performing Arts in Prague, Czech Republic"},"content":{"rendered":"\n<div class=\"wp-block-group alignfull is-layout-flow wp-block-group-is-layout-flow has-background\" style=\"padding-top:var(--wp--preset--spacing--30);padding-right:var(--wp--preset--spacing--50);padding-bottom:var(--wp--preset--spacing--30);padding-left:var(--wp--preset--spacing--50);background-image:url(&apos;https:\/\/encounter.cz\/wp-content\/uploads\/2026\/03\/fronter_2_faded_text_ready-1.png&apos;);background-size:cover;background-attachment:fixed;\">\n<p>The Department of Nonverbal Theater is one of the youngest artistic and educational departments at the Academy of Performing Arts in Prague&#8217;s Faculty of Music and Dance.<\/p>\n\n\n\n<p>Combining classical and newer genres, the curriculum builds on the tradition of Czech pantomime and offers a modern approach to mime theater that responds to contemporary issues. Teaching focuses primarily on students&#8217; original work. The department offers education with a wide range of applications in the professional artistic sphere, but also in other sectors of society (e.g., pedagogy, adult education, cultural management, etc.).   <\/p>\n\n\n\n<p>In this context, the department is a professional training center that provides Czech and foreign artists with a platform for collaboration and further development of the art of mime, and represents the Czech Republic in an ever-expanding international network of professional art schools. <\/p>\n<\/div>\n\n\n\n<div class=\"wp-block-group alignfull is-layout-flow wp-block-group-is-layout-flow has-background\" style=\"padding-top:0;padding-right:var(--wp--preset--spacing--50);padding-bottom:0;padding-left:var(--wp--preset--spacing--50);background-image:url(&apos;https:\/\/encounter.cz\/wp-content\/uploads\/2026\/03\/fronter_3_faded_text_ready.png&apos;);background-position:51% 100%;background-repeat:no-repeat;background-size:contain;\">\n<div class=\"wp-block-group is-layout-flow wp-container-core-group-is-layout-d6743c7d wp-block-group-is-layout-flow\">\n<h1 class=\"wp-block-heading has-text-align-center has-x-large-font-size\">WHODUNIT<\/h1>\n\n\n\n<div class=\"wp-block-group is-vertical is-layout-flex wp-container-core-group-is-layout-fb00d1fc wp-block-group-is-layout-flex\" style=\"padding-top:var(--wp--preset--spacing--10);padding-bottom:var(--wp--preset--spacing--10)\">\n<p>WHODUNIT <br>W H O D O N E I T <br>WHO HAS DONE IT? <br><br>It is like holding a flower in your hands \u2014 the flower you once found in someone else\u2019s house. You liked it, so you picked it to keep it with you.  <br>But in time, the flower wilts and dies.  <br> <br>Did you know that when you picked it? <br> <br>A detective story on the border between pantomime and physical theatre, with elements of clowning. What happened? Who is the murderer? Come and unravel this case and become witnesses \u2014 and perhaps even suspects. <br> <br>P.S. Footwear is the key. <\/p>\n\n\n\n<p><strong>Length of production:<\/strong> 35 minutes<\/p>\n\n\n\n<p><strong>Production language:<\/strong> Czech, English <\/p>\n\n\n\n<details class=\"wp-block-details has-abril-fatface-font-family is-layout-flow wp-block-details-is-layout-flow\"><summary>Crew<\/summary>\n<p class=\"has-tt-norms-pro-font-family\"><strong>Bassoonist:<\/strong> Viktor Sabol<\/p>\n\n\n\n<p class=\"has-tt-norms-pro-font-family\"><strong>Percussionist:<\/strong> Milan Dotla\u010dil<\/p>\n\n\n\n<p class=\"has-tt-norms-pro-font-family\"><strong>Vibrafone player:<\/strong> Petra Brynychov\u00e1<\/p>\n\n\n\n<p class=\"has-tt-norms-pro-font-family\"><strong>Lighting technician: <\/strong>Luk\u00e1\u0161 Kl\u00edma<\/p>\n\n\n\n<p class=\"has-tt-norms-pro-font-family\"><strong>production:<\/strong> Veronique Pila\u0159ov\u00e1<\/p>\n<\/details>\n<\/div>\n<\/div>\n\n\n\n<div class=\"wp-block-columns is-layout-flex wp-container-core-columns-is-layout-28f84493 wp-block-columns-is-layout-flex\">\n<div class=\"wp-block-column is-layout-flow wp-block-column-is-layout-flow\">\n<figure class=\"wp-block-table is-style-stripes\"><table class=\"has-custom-background-fill-background-color has-background has-fixed-layout\"><thead><tr><th class=\"has-text-align-left\" data-align=\"left\">Wednesday 15\/04\/2026<\/th><\/tr><\/thead><tbody><tr><td class=\"has-text-align-left\" data-align=\"left\">13:00<\/td><\/tr><tr><td class=\"has-text-align-left\" data-align=\"left\"><strong>WHODUNIT<\/strong> <br><a href=\"https:\/\/encounter.cz\/en\/festival\/festival-venues\/#Studio-Marta\" data-type=\"page\" data-id=\"22\">Studio Marta<\/a><\/td><\/tr><tr><td class=\"has-text-align-left\" data-align=\"left\"><\/td><\/tr><tr><td class=\"has-text-align-left\" data-align=\"left\">15:00<\/td><\/tr><tr><td class=\"has-text-align-left\" data-align=\"left\"><strong>WHODUNIT<\/strong> <br><a href=\"https:\/\/encounter.cz\/en\/festival\/festival-venues\/#Studio-Marta\">Studio Marta<\/a><\/td><\/tr><\/tbody><\/table><\/figure>\n<\/div>\n\n\n\n<div class=\"wp-block-column is-layout-flow wp-block-column-is-layout-flow\">\n<figure class=\"wp-block-table is-style-stripes\"><table class=\"has-custom-background-fill-background-color has-background has-fixed-layout\"><thead><tr><th class=\"has-text-align-left\" data-align=\"left\"><br>Thursday 16\/04\/2026<\/th><\/tr><\/thead><tbody><tr><td class=\"has-text-align-left\" data-align=\"left\">11:00<\/td><\/tr><tr><td class=\"has-text-align-left\" data-align=\"left\"><strong>WHODUNIT<\/strong> <br><a href=\"https:\/\/encounter.cz\/en\/festival\/festival-venues\/#Studio-Marta\">Studio Marta<\/a><\/td><\/tr><tr><td class=\"has-text-align-left\" data-align=\"left\"><\/td><\/tr><tr><td class=\"has-text-align-left\" data-align=\"left\">13:00<\/td><\/tr><tr><td class=\"has-text-align-left\" data-align=\"left\"><a href=\"https:\/\/encounter.cz\/en\/discussion-of-the-performances\/\" data-type=\"page\" data-id=\"398\">Discussion<\/a><br><a href=\"https:\/\/encounter.cz\/en\/festival\/festival-venues\/#Divadeln%C3%AD-fakulta-JAMU\" data-type=\"page\" data-id=\"22\">The Chillout Room<\/a><\/td><\/tr><\/tbody><\/table><\/figure>\n<\/div>\n<\/div>\n\n\n\n<div class=\"wp-block-buttons is-content-justification-center is-layout-flex wp-container-core-buttons-is-layout-a89b3969 wp-block-buttons-is-layout-flex\">\n<div class=\"wp-block-button\"><a class=\"wp-block-button__link has-custom-background-fill-color has-custom-primary-background-color has-text-color has-background has-link-color wp-element-button\" href=\"https:\/\/goout.net\/en\/whodunit\/szilohy\/?_gl=1%2a1wveyez%2a_up%2aMQ..%2a_ga%2aMTUzNDg2NzA4OS4xNzc1NDc2NzA2%2a_ga_1NH4XYLBBD%2aczE3NzU0NzY3MDUkbzEkZzEkdDE3NzU0NzY3MDUkajYwJGwwJGgw\">tickets<\/a><\/div>\n<\/div>\n\n\n\n<figure class=\"wp-block-gallery has-nested-images columns-default is-cropped wp-block-gallery-1 is-layout-flex wp-block-gallery-is-layout-flex\">\n<figure class=\"wp-block-image size-large\"><img loading=\"lazy\" decoding=\"async\" width=\"1024\" height=\"683\" data-id=\"3868\" src=\"https:\/\/encounter.cz\/wp-content\/uploads\/2026\/03\/Kompot_II_DK-32-1024x683.jpg\" alt=\"\" class=\"wp-image-3868\" srcset=\"https:\/\/encounter.cz\/wp-content\/uploads\/2026\/03\/Kompot_II_DK-32-1024x683.jpg 1024w, https:\/\/encounter.cz\/wp-content\/uploads\/2026\/03\/Kompot_II_DK-32-300x200.jpg 300w, https:\/\/encounter.cz\/wp-content\/uploads\/2026\/03\/Kompot_II_DK-32-768x512.jpg 768w, https:\/\/encounter.cz\/wp-content\/uploads\/2026\/03\/Kompot_II_DK-32-1536x1024.jpg 1536w, https:\/\/encounter.cz\/wp-content\/uploads\/2026\/03\/Kompot_II_DK-32-2048x1365.jpg 2048w\" sizes=\"auto, (max-width: 1024px) 100vw, 1024px\" \/><\/figure>\n\n\n\n<figure class=\"wp-block-image size-large\"><img loading=\"lazy\" decoding=\"async\" width=\"1024\" height=\"683\" data-id=\"3864\" src=\"https:\/\/encounter.cz\/wp-content\/uploads\/2026\/03\/Kompot_II_DK-36-1024x683.jpg\" alt=\"\" class=\"wp-image-3864\" srcset=\"https:\/\/encounter.cz\/wp-content\/uploads\/2026\/03\/Kompot_II_DK-36-1024x683.jpg 1024w, https:\/\/encounter.cz\/wp-content\/uploads\/2026\/03\/Kompot_II_DK-36-300x200.jpg 300w, https:\/\/encounter.cz\/wp-content\/uploads\/2026\/03\/Kompot_II_DK-36-768x512.jpg 768w, https:\/\/encounter.cz\/wp-content\/uploads\/2026\/03\/Kompot_II_DK-36-1536x1024.jpg 1536w, https:\/\/encounter.cz\/wp-content\/uploads\/2026\/03\/Kompot_II_DK-36-2048x1365.jpg 2048w\" sizes=\"auto, (max-width: 1024px) 100vw, 1024px\" \/><\/figure>\n\n\n\n<figure class=\"wp-block-image size-large\"><img loading=\"lazy\" decoding=\"async\" width=\"1024\" height=\"683\" data-id=\"3866\" src=\"https:\/\/encounter.cz\/wp-content\/uploads\/2026\/03\/02_uvodni_Kompot_II_DK-46-1024x683.jpg\" alt=\"\" class=\"wp-image-3866\" srcset=\"https:\/\/encounter.cz\/wp-content\/uploads\/2026\/03\/02_uvodni_Kompot_II_DK-46-1024x683.jpg 1024w, https:\/\/encounter.cz\/wp-content\/uploads\/2026\/03\/02_uvodni_Kompot_II_DK-46-300x200.jpg 300w, https:\/\/encounter.cz\/wp-content\/uploads\/2026\/03\/02_uvodni_Kompot_II_DK-46-768x512.jpg 768w, https:\/\/encounter.cz\/wp-content\/uploads\/2026\/03\/02_uvodni_Kompot_II_DK-46-1536x1024.jpg 1536w, https:\/\/encounter.cz\/wp-content\/uploads\/2026\/03\/02_uvodni_Kompot_II_DK-46-2048x1365.jpg 2048w\" sizes=\"auto, (max-width: 1024px) 100vw, 1024px\" \/><\/figure>\n<\/figure>\n<\/div>\n","protected":false},"excerpt":{"rendered":"<p>The Department of Nonverbal Theater is one of the youngest artistic and educational departments at the Academy of Performing Arts in Prague&#8217;s Faculty of Music and Dance. Combining classical and newer genres, the curriculum builds on the tradition of Czech pantomime and offers a modern approach to mime theater that responds to contemporary issues. Teaching [&hellip;]<\/p>\n","protected":false},"author":12,"featured_media":0,"parent":0,"menu_order":0,"comment_status":"closed","ping_status":"closed","template":"","meta":{"footnotes":""},"class_list":["post-3995","page","type-page","status-publish","hentry"],"_links":{"self":[{"href":"https:\/\/encounter.cz\/en\/wp-json\/wp\/v2\/pages\/3995","targetHints":{"allow":["GET"]}}],"collection":[{"href":"https:\/\/encounter.cz\/en\/wp-json\/wp\/v2\/pages"}],"about":[{"href":"https:\/\/encounter.cz\/en\/wp-json\/wp\/v2\/types\/page"}],"author":[{"embeddable":true,"href":"https:\/\/encounter.cz\/en\/wp-json\/wp\/v2\/users\/12"}],"replies":[{"embeddable":true,"href":"https:\/\/encounter.cz\/en\/wp-json\/wp\/v2\/comments?post=3995"}],"version-history":[{"count":16,"href":"https:\/\/encounter.cz\/en\/wp-json\/wp\/v2\/pages\/3995\/revisions"}],"predecessor-version":[{"id":5737,"href":"https:\/\/encounter.cz\/en\/wp-json\/wp\/v2\/pages\/3995\/revisions\/5737"}],"wp:attachment":[{"href":"https:\/\/encounter.cz\/en\/wp-json\/wp\/v2\/media?parent=3995"}],"curies":[{"name":"wp","href":"https:\/\/api.w.org\/{rel}","templated":true}]}}