{"id":4005,"date":"2026-03-15T23:50:00","date_gmt":"2026-03-15T23:50:00","guid":{"rendered":"https:\/\/encounter.cz\/?page_id=4005"},"modified":"2026-04-07T08:40:21","modified_gmt":"2026-04-07T08:40:21","slug":"latvian-academy-of-culture-latvia","status":"publish","type":"page","link":"https:\/\/encounter.cz\/en\/latvian-academy-of-culture-latvia\/","title":{"rendered":"Latvian Academy of Culture, Latvia"},"content":{"rendered":"\n<div class=\"wp-block-group alignfull is-layout-flow wp-block-group-is-layout-flow has-background\" style=\"padding-top:var(--wp--preset--spacing--30);padding-right:var(--wp--preset--spacing--50);padding-bottom:var(--wp--preset--spacing--30);padding-left:var(--wp--preset--spacing--50);background-image:url(&apos;https:\/\/encounter.cz\/wp-content\/uploads\/2026\/03\/fronter_2_faded_text_ready-1.png&apos;);background-size:cover;background-attachment:fixed;\">\n<p>The Latvian Academy of Culture (LAC), founded in 1990 in Riga, is a leading higher education institution dedicated to performing arts, film, and cultural studies in Latvia.<\/p>\n\n\n\n<p>The National School of Performing Arts of the LAC offers BA and MA programmes specializing in Acting, Directing, Dramaturgy, and Contemporary Dance. The Academy fosters an open and dynamic environment for study, research, and artistic creativity that enables the growth of outstanding cultural personalities. <\/p>\n\n\n\n<p>Guided by the values of creativity, openness, and collaboration, LAC unites classical theatre traditions with contemporary artistic exploration. LAC actively supports student participation in national and international festivals and creative projects, encouraging collaboration and exchange within a wider performing arts community.  <\/p>\n<\/div>\n\n\n\n<div class=\"wp-block-group alignfull is-layout-flow wp-block-group-is-layout-flow has-background\" style=\"padding-top:var(--wp--preset--spacing--10);padding-right:var(--wp--preset--spacing--50);padding-bottom:var(--wp--preset--spacing--10);padding-left:var(--wp--preset--spacing--50);background-image:url(&apos;https:\/\/encounter.cz\/wp-content\/uploads\/2026\/03\/fronter_3_faded_text_ready.png&apos;);background-position:100% 100%;background-size:cover;\">\n<div class=\"wp-block-group has-global-padding is-layout-constrained wp-container-core-group-is-layout-650790e1 wp-block-group-is-layout-constrained\">\n<h1 class=\"wp-block-heading has-text-align-center has-x-large-font-size\">Contemporary Mask Comedy: The Dreamers <\/h1>\n\n\n\n<div class=\"wp-block-group alignfull is-vertical is-layout-flex wp-container-core-group-is-layout-fb00d1fc wp-block-group-is-layout-flex\" style=\"padding-top:var(--wp--preset--spacing--10);padding-bottom:var(--wp--preset--spacing--10)\">\n<p>This performance is distinguished by its sparkling humour, grotesque characters, and a sharp portrayal of life\u2019s absurdities. The performance is centred on dynamic, physical acting marked by rapid tempo and emotional intensity. The Dreamers offers an ironic reflection on reality, boldly engaging with current social issues and weaving them into an exciting theatrical experience.  <\/p>\n\n\n\n<p>Director K\u0101rlis Kr\u016bmi\u0146\u0161 explains: &#8220;The performance tells the story of a family embroiled in a dispute over inheritance. In this family, the rules are dictated by the mother. She has three sons \u2013 two clever ones, and the third\u2026 The story is funny, grotesque, tragic, but \u2013 as, befits a comedy \u2013 with a happy ending. The genre of commedia dell&#8217;arte is typically associated with masked performance, but less often seen as a contemporary theatrical form. In this work, we are, in a way, reinventing the wheel \u2013 creating our own version of the genre with new masks, characters, scripts, and rules \u2013 in the hope that this approach brings us closer to the essence of commedia dell&#8217;arte in a contemporary context.&#8221;      <\/p>\n\n\n\n<div style=\"height:79px\" aria-hidden=\"true\" class=\"wp-block-spacer wp-container-content-43ce77df\"><\/div>\n\n\n\n<p><strong>Length of production:<\/strong> 60 minutes<\/p>\n\n\n\n<p><strong>Production language: <\/strong>Latvian, English subtitles<\/p>\n\n\n\n<div class=\"wp-block-columns is-layout-flex wp-container-core-columns-is-layout-28f84493 wp-block-columns-is-layout-flex\">\n<div class=\"wp-block-column is-layout-flow wp-block-column-is-layout-flow\" style=\"flex-basis:100%\">\n<details class=\"wp-block-details has-abril-fatface-font-family is-layout-flow wp-block-details-is-layout-flow\"><summary>Crew<\/summary>\n<p class=\"has-tt-norms-pro-font-family\"><strong>Author: <\/strong>K\u0101rlis Kr\u016bmi\u0146\u0161<\/p>\n\n\n\n<p class=\"has-tt-norms-pro-font-family\"><strong>Directing: <\/strong>Karlis Krumins<\/p>\n\n\n\n<p class=\"has-tt-norms-pro-font-family\"><strong>Costumes and scenographyy:<\/strong>L\u012bga \u0160teinboka <\/p>\n\n\n\n<p class=\"has-tt-norms-pro-font-family\"><strong>Scenography: <\/strong>Reinis Suhanovs<\/p>\n\n\n\n<p class=\"has-tt-norms-pro-font-family\"><strong>Production: <\/strong>Krist\u012bne Freiberga, Ance Bergmane, Elza Strazdi\u0146a<\/p>\n<\/details>\n<\/div>\n<\/div>\n<\/div>\n<\/div>\n\n\n\n<div class=\"wp-block-columns is-layout-flex wp-container-core-columns-is-layout-28f84493 wp-block-columns-is-layout-flex\">\n<div class=\"wp-block-column is-layout-flow wp-block-column-is-layout-flow\">\n<figure class=\"wp-block-table is-style-stripes has-tt-norms-pro-font-family\"><table class=\"has-custom-background-fill-background-color has-background has-fixed-layout\"><thead><tr><th class=\"has-text-align-left\" data-align=\"left\">Friday 17\/04\/2026<\/th><\/tr><\/thead><tbody><tr><td class=\"has-text-align-left\" data-align=\"left\">14:30<\/td><\/tr><tr><td class=\"has-text-align-left\" data-align=\"left\"><strong>Contemporary Mask Comedy: The Dreamers <\/strong><br><a href=\"https:\/\/encounter.cz\/en\/festival\/festival-venues\/#Studio-Marta\">Studio Marta<\/a><\/td><\/tr><tr><td class=\"has-text-align-left\" data-align=\"left\"><\/td><\/tr><tr><td class=\"has-text-align-left\" data-align=\"left\">18:00<\/td><\/tr><tr><td class=\"has-text-align-left\" data-align=\"left\"><strong>Contemporary Mask Comedy: The Dreamers <\/strong><br><a href=\"https:\/\/encounter.cz\/en\/festival\/festival-venues\/#Studio-Marta\">Studio Marta<\/a><\/td><\/tr><\/tbody><\/table><\/figure>\n<\/div>\n\n\n\n<div class=\"wp-block-column is-layout-flow wp-block-column-is-layout-flow\">\n<figure class=\"wp-block-table is-style-stripes\"><table class=\"has-custom-background-fill-background-color has-background has-fixed-layout\"><thead><tr><th class=\"has-text-align-left\" data-align=\"left\">Saturday 18\/04\/2026<\/th><\/tr><\/thead><tbody><tr><td class=\"has-text-align-left\" data-align=\"left\">9:00<\/td><\/tr><tr><td class=\"has-text-align-left\" data-align=\"left\"><a href=\"https:\/\/encounter.cz\/en\/discussion-of-the-performances\/\" data-type=\"page\" data-id=\"398\">Discussion<\/a><br><a href=\"https:\/\/encounter.cz\/en\/festival\/festival-venues\/#Divadeln%C3%AD-fakulta-JAMU\" data-type=\"page\" data-id=\"22\">The Chillout Room<\/a><\/td><\/tr><\/tbody><\/table><\/figure>\n<\/div>\n<\/div>\n\n\n\n<div class=\"wp-block-buttons is-content-justification-center is-layout-flex wp-container-core-buttons-is-layout-a89b3969 wp-block-buttons-is-layout-flex\">\n<div class=\"wp-block-button\"><a class=\"wp-block-button__link has-custom-background-fill-color has-custom-primary-background-color has-text-color has-background has-link-color wp-element-button\" href=\"https:\/\/goout.net\/en\/contemporary-mask-comedy-the-dreamers\/szllohy\/?_gl=1%2a13qf5yv%2a_up%2aMQ..%2a_ga%2aMzQ5NjY4NTcxLjE3NzU0Nzg4NjA.%2a_ga_1NH4XYLBBD%2aczE3NzU0Nzg4NjAkbzEkZzEkdDE3NzU0Nzg4NjAkajYwJGwwJGgw\">tickets<\/a><\/div>\n<\/div>\n\n\n\n<figure class=\"wp-block-gallery has-nested-images columns-default is-cropped wp-block-gallery-1 is-layout-flex wp-block-gallery-is-layout-flex\">\n<figure class=\"wp-block-image size-large\"><img loading=\"lazy\" decoding=\"async\" width=\"1024\" height=\"575\" data-id=\"3855\" src=\"https:\/\/encounter.cz\/wp-content\/uploads\/2026\/03\/02_uvodni_IMG_1241_byElizaMaraKamradze-Tutere-1024x575.jpg\" alt=\"\" class=\"wp-image-3855\" srcset=\"https:\/\/encounter.cz\/wp-content\/uploads\/2026\/03\/02_uvodni_IMG_1241_byElizaMaraKamradze-Tutere-1024x575.jpg 1024w, https:\/\/encounter.cz\/wp-content\/uploads\/2026\/03\/02_uvodni_IMG_1241_byElizaMaraKamradze-Tutere-300x169.jpg 300w, https:\/\/encounter.cz\/wp-content\/uploads\/2026\/03\/02_uvodni_IMG_1241_byElizaMaraKamradze-Tutere-768x431.jpg 768w, https:\/\/encounter.cz\/wp-content\/uploads\/2026\/03\/02_uvodni_IMG_1241_byElizaMaraKamradze-Tutere.jpg 1200w\" sizes=\"auto, (max-width: 1024px) 100vw, 1024px\" \/><\/figure>\n\n\n\n<figure class=\"wp-block-image size-large\"><img loading=\"lazy\" decoding=\"async\" width=\"1024\" height=\"575\" data-id=\"3857\" src=\"https:\/\/encounter.cz\/wp-content\/uploads\/2026\/03\/IMG_0604_by-Eliza-Mara-Kamradze-Tutere-1024x575.jpg\" alt=\"\" class=\"wp-image-3857\" srcset=\"https:\/\/encounter.cz\/wp-content\/uploads\/2026\/03\/IMG_0604_by-Eliza-Mara-Kamradze-Tutere-1024x575.jpg 1024w, https:\/\/encounter.cz\/wp-content\/uploads\/2026\/03\/IMG_0604_by-Eliza-Mara-Kamradze-Tutere-300x168.jpg 300w, https:\/\/encounter.cz\/wp-content\/uploads\/2026\/03\/IMG_0604_by-Eliza-Mara-Kamradze-Tutere-768x431.jpg 768w, https:\/\/encounter.cz\/wp-content\/uploads\/2026\/03\/IMG_0604_by-Eliza-Mara-Kamradze-Tutere-1536x863.jpg 1536w, https:\/\/encounter.cz\/wp-content\/uploads\/2026\/03\/IMG_0604_by-Eliza-Mara-Kamradze-Tutere-2048x1150.jpg 2048w\" sizes=\"auto, (max-width: 1024px) 100vw, 1024px\" \/><\/figure>\n\n\n\n<figure class=\"wp-block-image size-large\"><img loading=\"lazy\" decoding=\"async\" width=\"1024\" height=\"575\" data-id=\"3853\" src=\"https:\/\/encounter.cz\/wp-content\/uploads\/2026\/03\/IMG_0622_by-Eliza-Mara-Kamradze-Tutere-1024x575.jpg\" alt=\"\" class=\"wp-image-3853\" srcset=\"https:\/\/encounter.cz\/wp-content\/uploads\/2026\/03\/IMG_0622_by-Eliza-Mara-Kamradze-Tutere-1024x575.jpg 1024w, https:\/\/encounter.cz\/wp-content\/uploads\/2026\/03\/IMG_0622_by-Eliza-Mara-Kamradze-Tutere-300x168.jpg 300w, https:\/\/encounter.cz\/wp-content\/uploads\/2026\/03\/IMG_0622_by-Eliza-Mara-Kamradze-Tutere-768x431.jpg 768w, https:\/\/encounter.cz\/wp-content\/uploads\/2026\/03\/IMG_0622_by-Eliza-Mara-Kamradze-Tutere-1536x863.jpg 1536w, https:\/\/encounter.cz\/wp-content\/uploads\/2026\/03\/IMG_0622_by-Eliza-Mara-Kamradze-Tutere-2048x1150.jpg 2048w\" sizes=\"auto, (max-width: 1024px) 100vw, 1024px\" \/><\/figure>\n\n\n\n<figure class=\"wp-block-image size-large\"><img loading=\"lazy\" decoding=\"async\" width=\"1024\" height=\"575\" data-id=\"3861\" src=\"https:\/\/encounter.cz\/wp-content\/uploads\/2026\/03\/IMG_0893_by-Eliza-Mara-Kamradze-Tutere-1024x575.jpg\" alt=\"\" class=\"wp-image-3861\" srcset=\"https:\/\/encounter.cz\/wp-content\/uploads\/2026\/03\/IMG_0893_by-Eliza-Mara-Kamradze-Tutere-1024x575.jpg 1024w, https:\/\/encounter.cz\/wp-content\/uploads\/2026\/03\/IMG_0893_by-Eliza-Mara-Kamradze-Tutere-300x168.jpg 300w, https:\/\/encounter.cz\/wp-content\/uploads\/2026\/03\/IMG_0893_by-Eliza-Mara-Kamradze-Tutere-768x431.jpg 768w, https:\/\/encounter.cz\/wp-content\/uploads\/2026\/03\/IMG_0893_by-Eliza-Mara-Kamradze-Tutere-1536x863.jpg 1536w, https:\/\/encounter.cz\/wp-content\/uploads\/2026\/03\/IMG_0893_by-Eliza-Mara-Kamradze-Tutere-2048x1150.jpg 2048w\" sizes=\"auto, (max-width: 1024px) 100vw, 1024px\" \/><\/figure>\n\n\n\n<figure class=\"wp-block-image size-large\"><img loading=\"lazy\" decoding=\"async\" width=\"1024\" height=\"575\" data-id=\"3859\" src=\"https:\/\/encounter.cz\/wp-content\/uploads\/2026\/03\/IMG_1043_by-Eliza-Mara-Kamradze-Tutere-1024x575.jpg\" alt=\"\" class=\"wp-image-3859\" srcset=\"https:\/\/encounter.cz\/wp-content\/uploads\/2026\/03\/IMG_1043_by-Eliza-Mara-Kamradze-Tutere-1024x575.jpg 1024w, https:\/\/encounter.cz\/wp-content\/uploads\/2026\/03\/IMG_1043_by-Eliza-Mara-Kamradze-Tutere-300x168.jpg 300w, https:\/\/encounter.cz\/wp-content\/uploads\/2026\/03\/IMG_1043_by-Eliza-Mara-Kamradze-Tutere-768x431.jpg 768w, https:\/\/encounter.cz\/wp-content\/uploads\/2026\/03\/IMG_1043_by-Eliza-Mara-Kamradze-Tutere-1536x863.jpg 1536w, https:\/\/encounter.cz\/wp-content\/uploads\/2026\/03\/IMG_1043_by-Eliza-Mara-Kamradze-Tutere-2048x1150.jpg 2048w\" sizes=\"auto, (max-width: 1024px) 100vw, 1024px\" \/><\/figure>\n<\/figure>\n<\/div>\n","protected":false},"excerpt":{"rendered":"<p>The Latvian Academy of Culture (LAC), founded in 1990 in Riga, is a leading higher education institution dedicated to performing arts, film, and cultural studies in Latvia. The National School of Performing Arts of the LAC offers BA and MA programmes specializing in Acting, Directing, Dramaturgy, and Contemporary Dance. The Academy fosters an open and [&hellip;]<\/p>\n","protected":false},"author":12,"featured_media":0,"parent":0,"menu_order":0,"comment_status":"closed","ping_status":"closed","template":"","meta":{"footnotes":""},"class_list":["post-4005","page","type-page","status-publish","hentry"],"_links":{"self":[{"href":"https:\/\/encounter.cz\/en\/wp-json\/wp\/v2\/pages\/4005","targetHints":{"allow":["GET"]}}],"collection":[{"href":"https:\/\/encounter.cz\/en\/wp-json\/wp\/v2\/pages"}],"about":[{"href":"https:\/\/encounter.cz\/en\/wp-json\/wp\/v2\/types\/page"}],"author":[{"embeddable":true,"href":"https:\/\/encounter.cz\/en\/wp-json\/wp\/v2\/users\/12"}],"replies":[{"embeddable":true,"href":"https:\/\/encounter.cz\/en\/wp-json\/wp\/v2\/comments?post=4005"}],"version-history":[{"count":11,"href":"https:\/\/encounter.cz\/en\/wp-json\/wp\/v2\/pages\/4005\/revisions"}],"predecessor-version":[{"id":5753,"href":"https:\/\/encounter.cz\/en\/wp-json\/wp\/v2\/pages\/4005\/revisions\/5753"}],"wp:attachment":[{"href":"https:\/\/encounter.cz\/en\/wp-json\/wp\/v2\/media?parent=4005"}],"curies":[{"name":"wp","href":"https:\/\/api.w.org\/{rel}","templated":true}]}}