{"id":4070,"date":"2026-03-15T23:50:00","date_gmt":"2026-03-15T23:50:00","guid":{"rendered":"https:\/\/encounter.cz\/?page_id=4070"},"modified":"2026-04-07T08:45:11","modified_gmt":"2026-04-07T08:45:11","slug":"janacek-academy-of-performing-arts-czech-republic","status":"publish","type":"page","link":"https:\/\/encounter.cz\/en\/janacek-academy-of-performing-arts-czech-republic\/","title":{"rendered":"Jan\u00e1\u010dek Academy of Performing Arts, Czech Republic"},"content":{"rendered":"\n<div class=\"wp-block-group alignfull is-layout-flow wp-block-group-is-layout-flow has-background\" style=\"padding-top:var(--wp--preset--spacing--30);padding-right:var(--wp--preset--spacing--50);padding-bottom:var(--wp--preset--spacing--30);padding-left:var(--wp--preset--spacing--50);background-image:url(&apos;https:\/\/encounter.cz\/wp-content\/uploads\/2026\/03\/fronter_2_faded_text_ready-1.png&apos;);background-size:cover;background-attachment:fixed;\">\n<p>The Jan\u00e1\u010dek Academy of Music and Performing Arts was founded in 1947 and is a public higher education institution offering accredited study programs in the field of artistic and creative activities at the bachelor\u2019s, master\u2019s, and doctoral levels. Both the Faculty of Music and the Faculty of Theatre support the growth of talented individuals, provide them with a suitable artistic environment, and prepare them for their professional artistic careers. In recent years, all study programs have undergone a new accreditation process.  <\/p>\n\n\n\n<p>Currently, the Theatre Faculty has over 350 students, and in the past thirty years, more than a thousand graduateshave entered the professional world. Many of them have become prominent figures in Czech and European artistic and social life.<\/p>\n<\/div>\n\n\n\n<div class=\"wp-block-group alignfull is-layout-flow wp-block-group-is-layout-flow has-background\" style=\"padding-top:var(--wp--preset--spacing--10);padding-right:var(--wp--preset--spacing--50);padding-bottom:var(--wp--preset--spacing--10);padding-left:var(--wp--preset--spacing--50);background-image:url(&apos;https:\/\/encounter.cz\/wp-content\/uploads\/2026\/03\/fronter_3_faded_text_ready.png&apos;);background-position:100% 100%;background-repeat:no-repeat;background-size:contain;\">\n<div class=\"wp-block-group has-global-padding is-layout-constrained wp-container-core-group-is-layout-650790e1 wp-block-group-is-layout-constrained\">\n<h1 class=\"wp-block-heading has-text-align-center has-x-large-font-size\">Ec dysis crisis, mom<\/h1>\n\n\n\n<div class=\"wp-block-group alignfull is-vertical is-layout-flex wp-container-core-group-is-layout-fb00d1fc wp-block-group-is-layout-flex\" style=\"padding-top:var(--wp--preset--spacing--10);padding-bottom:var(--wp--preset--spacing--10)\">\n<p><em>Ec dysis crisis, mom. I know you don&#8217;t understand it. Honestly, neither do I.  <\/em> <\/p>\n\n\n\n<p>If we had to describe the state we&#8217;re in with a single word, many of us would probably choose the word <em>crisis<\/em>. But isn&#8217;t every era, in some way, a little critical? And is a crisis still a crisis once it becomes the norm?   Are we living on the edge \u2014 or already far beyond it? <\/p>\n\n\n\n<p>Can the disintegration of the audience&#8217;s experience mirror the disintegration we exist within? Can theatrical language grasp a reality that ordinary language cannot?  <\/p>\n\n\n\n<p>The performance <em>ec dysis crisis, mami<\/em> explores situations of crisis. Through its open form, it blurs the unified field of audience attention and attempts to communicate personal and societal threshold states through an associative language. It examines the limits of comprehensibility across various reflections of reality, and searches for a way out through incomprehensibility. It works with the format of personal testimony as a response to social phenomena. It abandons meaningful language in an attempt to find meaning again.    It deconstructs its own thematic foundations in an attempt to truly claim them. <\/p>\n\n\n\n<p>Please note that the audience is not guaranteed a seat during the performance. If your medical condition requires a seat, please email <a href=\"mailto:participants@encounter.cz\">participants@encounter.cz<\/a> to reserve a seat.<\/p>\n\n\n\n<p><strong>Length of production:<\/strong> 120 minutes<\/p>\n\n\n\n<p><strong>Production language: <\/strong>Czech, English subtitles<\/p>\n\n\n\n<details class=\"wp-block-details has-abril-fatface-font-family is-layout-flow wp-block-details-is-layout-flow\"><summary>Crew<\/summary>\n<p class=\"has-tt-norms-pro-font-family\"><strong>Text, concept:<\/strong> Jana Startsev, Vojt\u011bch Honig<\/p>\n\n\n\n<p class=\"has-tt-norms-pro-font-family\"><strong>Directing:<\/strong> Vojt\u011bch Honig<\/p>\n\n\n\n<p class=\"has-tt-norms-pro-font-family\"><strong>Dramaturgy:<\/strong> Jana Startsev<\/p>\n\n\n\n<p class=\"has-tt-norms-pro-font-family\"><strong>Dramaturgy assistent:<\/strong> Eva Kaslov\u00e1<\/p>\n\n\n\n<p class=\"has-tt-norms-pro-font-family\"><strong>scenography: <\/strong>Alexandra Kubenkov\u00e1<\/p>\n\n\n\n<p class=\"has-tt-norms-pro-font-family\"><strong>Scenography assistent: <\/strong>Tamara \u017dilav\u00e1<\/p>\n\n\n\n<p class=\"has-tt-norms-pro-font-family\"><strong>Costumes: <\/strong>Jana Mlate\u010dkov\u00e1<\/p>\n\n\n\n<p class=\"has-tt-norms-pro-font-family\"><strong>Music:<\/strong> Nat\u00e1lie Chatrn\u00e1<\/p>\n\n\n\n<p class=\"has-tt-norms-pro-font-family\"><strong>Musical collaboration:<\/strong> \u0160imon Gogola<\/p>\n\n\n\n<p class=\"has-tt-norms-pro-font-family\"><strong>Movement <strong>collaboration<\/strong>:<\/strong> Tereza Havr\u00e1nkov\u00e1<\/p>\n\n\n\n<p class=\"has-tt-norms-pro-font-family\"><strong>Video a projection:<\/strong> Bohdan Chrastil<\/p>\n\n\n\n<p class=\"has-tt-norms-pro-font-family\"><strong>Light design:<\/strong> Anna Vod\u00e1kov\u00e1<\/p>\n\n\n\n<p class=\"has-tt-norms-pro-font-family\"><strong>Light:<\/strong> Anna Vod\u00e1kov\u00e1<\/p>\n\n\n\n<p class=\"has-tt-norms-pro-font-family\"><strong>Sound:<\/strong> Pavel Jirgl<\/p>\n\n\n\n<p class=\"has-tt-norms-pro-font-family\"><strong>Production:<\/strong> Lucie Ro\u017ecov\u00e1, Julie Michal\u010d\u00edkov\u00e1<\/p>\n<\/details>\n<\/div>\n<\/div>\n\n\n\n<div class=\"wp-block-columns is-layout-flex wp-container-core-columns-is-layout-28f84493 wp-block-columns-is-layout-flex\">\n<div class=\"wp-block-column is-layout-flow wp-block-column-is-layout-flow\">\n<figure class=\"wp-block-table is-style-stripes\"><table class=\"has-custom-background-fill-background-color has-background has-fixed-layout\"><thead><tr><th class=\"has-text-align-left\" data-align=\"left\">Tuesday 14\/04\/2026<\/th><\/tr><\/thead><tbody><tr><td class=\"has-text-align-left\" data-align=\"left\">11:00<\/td><\/tr><tr><td class=\"has-text-align-left\" data-align=\"left\"><strong>ec dysis crisis, mami<\/strong><br><a href=\"https:\/\/encounter.cz\/en\/festival\/festival-venues\/#Studio-Marta\">Studio Marta<\/a><\/td><\/tr><tr><td class=\"has-text-align-left\" data-align=\"left\"><\/td><\/tr><tr><td class=\"has-text-align-left\" data-align=\"left\">15:00<\/td><\/tr><tr><td class=\"has-text-align-left\" data-align=\"left\"><strong>ec dysis crisis, mami<\/strong><br><a href=\"https:\/\/encounter.cz\/en\/festival\/festival-venues\/#Studio-Marta\">Studio Marta<\/a><\/td><\/tr><\/tbody><\/table><\/figure>\n<\/div>\n\n\n\n<div class=\"wp-block-column is-layout-flow wp-block-column-is-layout-flow\">\n<figure class=\"wp-block-table is-style-stripes\"><table class=\"has-custom-background-fill-background-color has-background has-fixed-layout\"><thead><tr><th class=\"has-text-align-left\" data-align=\"left\">Wednesday 15\/04\/2026<\/th><\/tr><\/thead><tbody><tr><td class=\"has-text-align-left\" data-align=\"left\">8:30<\/td><\/tr><tr><td class=\"has-text-align-left\" data-align=\"left\"><a href=\"https:\/\/encounter.cz\/en\/discussion-of-the-performances\/\" data-type=\"page\" data-id=\"398\">Discussion<\/a><br><a href=\"https:\/\/encounter.cz\/en\/festival\/festival-venues\/#Divadeln%C3%AD-fakulta-JAMU\" data-type=\"page\" data-id=\"22\">The Chillout Room<\/a><\/td><\/tr><\/tbody><\/table><\/figure>\n<\/div>\n<\/div>\n\n\n\n<div class=\"wp-block-buttons is-content-justification-center is-layout-flex wp-container-core-buttons-is-layout-a89b3969 wp-block-buttons-is-layout-flex\">\n<div class=\"wp-block-button\"><a class=\"wp-block-button__link has-custom-background-fill-color has-custom-primary-background-color has-text-color has-background has-link-color wp-element-button\" href=\"https:\/\/goout.net\/en\/ec-dysis-crisis-mami\/szelohy\/?_gl=1%2azedqee%2a_up%2aMQ..%2a_ga%2aMTc1MjMwNzgyMy4xNzc1NDc4MzIx%2a_ga_1NH4XYLBBD%2aczE3NzU0NzgzMjAkbzEkZzEkdDE3NzU0NzgzMjAkajYwJGwwJGgw\">tickets<\/a><\/div>\n<\/div>\n\n\n\n<figure class=\"wp-block-gallery has-nested-images columns-default is-cropped wp-block-gallery-1 is-layout-flex wp-block-gallery-is-layout-flex\">\n<figure class=\"wp-block-image size-large\"><img loading=\"lazy\" decoding=\"async\" width=\"1024\" height=\"683\" data-id=\"4060\" src=\"https:\/\/encounter.cz\/wp-content\/uploads\/2026\/03\/2025_2026_ec_dysis_crisis_mami_machal-28-1024x683.jpg\" alt=\"\" class=\"wp-image-4060\" srcset=\"https:\/\/encounter.cz\/wp-content\/uploads\/2026\/03\/2025_2026_ec_dysis_crisis_mami_machal-28-1024x683.jpg 1024w, https:\/\/encounter.cz\/wp-content\/uploads\/2026\/03\/2025_2026_ec_dysis_crisis_mami_machal-28-300x200.jpg 300w, https:\/\/encounter.cz\/wp-content\/uploads\/2026\/03\/2025_2026_ec_dysis_crisis_mami_machal-28-768x512.jpg 768w, https:\/\/encounter.cz\/wp-content\/uploads\/2026\/03\/2025_2026_ec_dysis_crisis_mami_machal-28-1536x1024.jpg 1536w, https:\/\/encounter.cz\/wp-content\/uploads\/2026\/03\/2025_2026_ec_dysis_crisis_mami_machal-28.jpg 2048w\" sizes=\"auto, (max-width: 1024px) 100vw, 1024px\" \/><\/figure>\n\n\n\n<figure class=\"wp-block-image size-large\"><img loading=\"lazy\" decoding=\"async\" width=\"800\" height=\"533\" data-id=\"4056\" src=\"https:\/\/encounter.cz\/wp-content\/uploads\/2026\/03\/2025_2026_ec_dysis_crisis_mami_machal_-15.jpg\" alt=\"\" class=\"wp-image-4056\" srcset=\"https:\/\/encounter.cz\/wp-content\/uploads\/2026\/03\/2025_2026_ec_dysis_crisis_mami_machal_-15.jpg 800w, https:\/\/encounter.cz\/wp-content\/uploads\/2026\/03\/2025_2026_ec_dysis_crisis_mami_machal_-15-300x200.jpg 300w, https:\/\/encounter.cz\/wp-content\/uploads\/2026\/03\/2025_2026_ec_dysis_crisis_mami_machal_-15-768x512.jpg 768w\" sizes=\"auto, (max-width: 800px) 100vw, 800px\" \/><\/figure>\n\n\n\n<figure class=\"wp-block-image size-large\"><img loading=\"lazy\" decoding=\"async\" width=\"1024\" height=\"683\" data-id=\"4064\" src=\"https:\/\/encounter.cz\/wp-content\/uploads\/2026\/03\/2025_2026_ec_dysis_crisis_mami_machal-08-1024x683.jpg\" alt=\"\" class=\"wp-image-4064\" srcset=\"https:\/\/encounter.cz\/wp-content\/uploads\/2026\/03\/2025_2026_ec_dysis_crisis_mami_machal-08-1024x683.jpg 1024w, https:\/\/encounter.cz\/wp-content\/uploads\/2026\/03\/2025_2026_ec_dysis_crisis_mami_machal-08-300x200.jpg 300w, https:\/\/encounter.cz\/wp-content\/uploads\/2026\/03\/2025_2026_ec_dysis_crisis_mami_machal-08-768x512.jpg 768w, https:\/\/encounter.cz\/wp-content\/uploads\/2026\/03\/2025_2026_ec_dysis_crisis_mami_machal-08-1536x1024.jpg 1536w, https:\/\/encounter.cz\/wp-content\/uploads\/2026\/03\/2025_2026_ec_dysis_crisis_mami_machal-08.jpg 2048w\" sizes=\"auto, (max-width: 1024px) 100vw, 1024px\" \/><\/figure>\n\n\n\n<figure class=\"wp-block-image size-large\"><img loading=\"lazy\" decoding=\"async\" width=\"800\" height=\"533\" data-id=\"4058\" src=\"https:\/\/encounter.cz\/wp-content\/uploads\/2026\/03\/2025_2026_ec_dysis_crisis_mami_machal-14.jpg\" alt=\"\" class=\"wp-image-4058\" srcset=\"https:\/\/encounter.cz\/wp-content\/uploads\/2026\/03\/2025_2026_ec_dysis_crisis_mami_machal-14.jpg 800w, https:\/\/encounter.cz\/wp-content\/uploads\/2026\/03\/2025_2026_ec_dysis_crisis_mami_machal-14-300x200.jpg 300w, https:\/\/encounter.cz\/wp-content\/uploads\/2026\/03\/2025_2026_ec_dysis_crisis_mami_machal-14-768x512.jpg 768w\" sizes=\"auto, (max-width: 800px) 100vw, 800px\" \/><\/figure>\n\n\n\n<figure class=\"wp-block-image size-large\"><img loading=\"lazy\" decoding=\"async\" width=\"1024\" height=\"683\" data-id=\"4062\" src=\"https:\/\/encounter.cz\/wp-content\/uploads\/2026\/03\/2025_2026_ec_dysis_crisis_mami_machal-24-1-1024x683.jpg\" alt=\"\" class=\"wp-image-4062\" srcset=\"https:\/\/encounter.cz\/wp-content\/uploads\/2026\/03\/2025_2026_ec_dysis_crisis_mami_machal-24-1-1024x683.jpg 1024w, https:\/\/encounter.cz\/wp-content\/uploads\/2026\/03\/2025_2026_ec_dysis_crisis_mami_machal-24-1-300x200.jpg 300w, https:\/\/encounter.cz\/wp-content\/uploads\/2026\/03\/2025_2026_ec_dysis_crisis_mami_machal-24-1-768x512.jpg 768w, https:\/\/encounter.cz\/wp-content\/uploads\/2026\/03\/2025_2026_ec_dysis_crisis_mami_machal-24-1-1536x1024.jpg 1536w, https:\/\/encounter.cz\/wp-content\/uploads\/2026\/03\/2025_2026_ec_dysis_crisis_mami_machal-24-1.jpg 2048w\" sizes=\"auto, (max-width: 1024px) 100vw, 1024px\" \/><\/figure>\n<\/figure>\n<\/div>\n","protected":false},"excerpt":{"rendered":"<p>The Jan\u00e1\u010dek Academy of Music and Performing Arts was founded in 1947 and is a public higher education institution offering accredited study programs in the field of artistic and creative activities at the bachelor\u2019s, master\u2019s, and doctoral levels. Both the Faculty of Music and the Faculty of Theatre support the growth of talented individuals, provide [&hellip;]<\/p>\n","protected":false},"author":12,"featured_media":0,"parent":0,"menu_order":0,"comment_status":"closed","ping_status":"closed","template":"","meta":{"footnotes":""},"class_list":["post-4070","page","type-page","status-publish","hentry"],"_links":{"self":[{"href":"https:\/\/encounter.cz\/en\/wp-json\/wp\/v2\/pages\/4070","targetHints":{"allow":["GET"]}}],"collection":[{"href":"https:\/\/encounter.cz\/en\/wp-json\/wp\/v2\/pages"}],"about":[{"href":"https:\/\/encounter.cz\/en\/wp-json\/wp\/v2\/types\/page"}],"author":[{"embeddable":true,"href":"https:\/\/encounter.cz\/en\/wp-json\/wp\/v2\/users\/12"}],"replies":[{"embeddable":true,"href":"https:\/\/encounter.cz\/en\/wp-json\/wp\/v2\/comments?post=4070"}],"version-history":[{"count":12,"href":"https:\/\/encounter.cz\/en\/wp-json\/wp\/v2\/pages\/4070\/revisions"}],"predecessor-version":[{"id":5751,"href":"https:\/\/encounter.cz\/en\/wp-json\/wp\/v2\/pages\/4070\/revisions\/5751"}],"wp:attachment":[{"href":"https:\/\/encounter.cz\/en\/wp-json\/wp\/v2\/media?parent=4070"}],"curies":[{"name":"wp","href":"https:\/\/api.w.org\/{rel}","templated":true}]}}