{"id":4389,"date":"2026-03-18T17:49:58","date_gmt":"2026-03-18T17:49:58","guid":{"rendered":"https:\/\/encounter.cz\/noemi-herczog\/"},"modified":"2026-03-31T12:34:00","modified_gmt":"2026-03-31T12:34:00","slug":"noemi-herczog","status":"publish","type":"page","link":"https:\/\/encounter.cz\/en\/noemi-herczog\/","title":{"rendered":"No\u00e9mi Herczog"},"content":{"rendered":"\n<h2 class=\"wp-block-heading alignwide has-text-align-left\">Performing Democracy Under Illiberalism: critical pedagogy lecture &amp; workshop on the radical aesthetics of the &#8216;Learning Republic&#8217; staged by Hungarian theatre students in 2020<\/h2>\n\n<div style=\"background-image:url(&apos;https:\/\/encounter.cz\/wp-content\/uploads\/2026\/03\/pozadi-tmave.png&apos;);background-position:48% 92%;background-size:cover;background-attachment:scroll;\" class=\"wp-block-group alignfull has-global-padding is-layout-constrained wp-block-group-is-layout-constrained has-background\">\n<div class=\"wp-block-group has-custom-background-fill-color has-text-color has-link-color wp-elements-2b0b90db866816cb41f410395b74a25d is-layout-flow wp-block-group-is-layout-flow\" style=\"padding-top:50px;padding-bottom:50px\">\n<p class=\"has-text-align-left\">On 1 September 2020, the University of Theatre and Film Arts in Budapest (SZFE) was incorporated into the higher education privatization programme of the illiberal Orb\u00e1n regime. During the summer, students initiated a public protest for academic freedom and restoring democratic dialogue, which culminated in a 71-day blockade of the university building.  <\/p>\n\n\n\n<p>The protest, branded \u201cfreeSZFE,\u201d comprised a series of artistic interventions and happenings that represent some of the most radical and courageous moments in post-1989 Hungarian theatre and performance art. These actions functioned not only as political demands but also as experiments in democratic forms of collective decision-making. <\/p>\n\n\n\n<p>After a short introduction to the theatrical concepts underlying these actions, we will experiment with their techniques of resistance and, inspired by Paulo Freire\u2019s critical pedagogy, collectively explore how theatre, art, and democracy intersect and shape one another in practice.<\/p>\n<\/div>\n\n\n\n<div class=\"wp-block-columns is-layout-flex wp-container-core-columns-is-layout-28f84493 wp-block-columns-is-layout-flex\">\n<div class=\"wp-block-column is-layout-flow wp-block-column-is-layout-flow\">\n<figure class=\"wp-block-table is-style-stripes\"><table class=\"has-custom-background-fill-background-color has-background has-fixed-layout\"><thead><tr><th class=\"has-text-align-left\" data-align=\"left\"><strong>Friday 17\/04\/2026<\/strong><\/th><\/tr><\/thead><tbody><tr><td class=\"has-text-align-left\" data-align=\"left\">08:30 &#8211; 10:30<\/td><\/tr><tr><td class=\"has-text-align-left\" data-align=\"left\"><strong>WS: Performing Democracy Under Illiberalism<\/strong><br\/><a href=\"https:\/\/encounter.cz\/en\/festival\/festival-venues\/#Divadeln%C3%AD-fakulta-JAMU\">The Chillout Room<\/a><\/td><\/tr><\/tbody><\/table><\/figure>\n<\/div>\n\n\n\n<div class=\"wp-block-column is-vertically-aligned-center is-layout-flow wp-block-column-is-layout-flow\">\n<div class=\"wp-block-buttons is-content-justification-center is-layout-flex wp-container-core-buttons-is-layout-a89b3969 wp-block-buttons-is-layout-flex\">\n<div class=\"wp-block-button\"><a class=\"wp-block-button__link has-custom-primary-color has-custom-secondary-background-color has-text-color has-background has-link-color wp-element-button\" href=\"https:\/\/goout.net\/cs\/listky\/performing-democracy-under-illiberalism\/jxjkb\/\">Workshop booking<\/a><\/div>\n<\/div>\n<\/div>\n<\/div>\n\n\n\n<div style=\"height:100px\" aria-hidden=\"true\" class=\"wp-block-spacer\"><\/div>\n<\/div>\n\n<div class=\"wp-block-group alignwide has-global-padding is-layout-constrained wp-block-group-is-layout-constrained\">\n<div class=\"wp-block-group alignwide has-global-padding is-layout-constrained wp-block-group-is-layout-constrained\">\n<p class=\"has-text-align-left\"><em>Special thanks to Hanna Milovits and Mih\u00e1ly Csernai, Petra Al-Farman, Luca Jeney, Bal\u00e1zs T\u00f3th (Hungarian Helsinki Committee).<\/em><\/p>\n<\/div>\n<\/div>\n\n<p><\/p>\n","protected":false},"excerpt":{"rendered":"<p>Performing Democracy Under Illiberalism: critical pedagogy lecture &amp; workshop on the radical aesthetics of the &#8216;Learning Republic&#8217; staged by Hungarian theatre students in 2020 On 1 September 2020, the University of Theatre and Film Arts in Budapest (SZFE) was incorporated into the higher education privatization programme of the illiberal Orb\u00e1n regime. During the summer, students [&hellip;]<\/p>\n","protected":false},"author":12,"featured_media":0,"parent":0,"menu_order":0,"comment_status":"closed","ping_status":"closed","template":"","meta":{"footnotes":""},"class_list":["post-4389","page","type-page","status-publish","hentry"],"_links":{"self":[{"href":"https:\/\/encounter.cz\/en\/wp-json\/wp\/v2\/pages\/4389","targetHints":{"allow":["GET"]}}],"collection":[{"href":"https:\/\/encounter.cz\/en\/wp-json\/wp\/v2\/pages"}],"about":[{"href":"https:\/\/encounter.cz\/en\/wp-json\/wp\/v2\/types\/page"}],"author":[{"embeddable":true,"href":"https:\/\/encounter.cz\/en\/wp-json\/wp\/v2\/users\/12"}],"replies":[{"embeddable":true,"href":"https:\/\/encounter.cz\/en\/wp-json\/wp\/v2\/comments?post=4389"}],"version-history":[{"count":4,"href":"https:\/\/encounter.cz\/en\/wp-json\/wp\/v2\/pages\/4389\/revisions"}],"predecessor-version":[{"id":5540,"href":"https:\/\/encounter.cz\/en\/wp-json\/wp\/v2\/pages\/4389\/revisions\/5540"}],"wp:attachment":[{"href":"https:\/\/encounter.cz\/en\/wp-json\/wp\/v2\/media?parent=4389"}],"curies":[{"name":"wp","href":"https:\/\/api.w.org\/{rel}","templated":true}]}}