{"id":4398,"date":"2026-03-18T18:11:22","date_gmt":"2026-03-18T18:11:22","guid":{"rendered":"https:\/\/encounter.cz\/kamila-polivkova\/"},"modified":"2026-03-31T12:37:50","modified_gmt":"2026-03-31T12:37:50","slug":"kamila-polivkova","status":"publish","type":"page","link":"https:\/\/encounter.cz\/en\/kamila-polivkova\/","title":{"rendered":"Kamila Pol\u00edvkov\u00e1"},"content":{"rendered":"\n<h2 class=\"wp-block-heading\">Visual Storytelling<\/h2>\n\n<div style=\"background-image:url(&apos;https:\/\/encounter.cz\/wp-content\/uploads\/2026\/03\/pozadi-tmave.png&apos;);background-position:48% 92%;background-size:cover;background-attachment:scroll;\" class=\"wp-block-group alignfull has-global-padding is-layout-constrained wp-block-group-is-layout-constrained has-background\">\n<div class=\"wp-block-group has-custom-background-fill-color has-text-color has-link-color wp-elements-cd021322c86a4a61efa146dbb96a0a26 is-layout-flow wp-block-group-is-layout-flow\" style=\"padding-top:50px;padding-bottom:50px\">\n<h4 class=\"wp-block-heading has-custom-background-fill-color has-text-color has-link-color wp-elements-a297e40869ce0884bd887b42e1a3e409\">Masterclass by Kamila Pol\u00edvkov\u00e1 <\/h4>\n\n\n\n<p class=\"has-text-align-left\">Director, set, and costume designer Kamila Pol\u00edvkov\u00e1 will present examples of her work, focusing on various ways of using live video in her theatrical productions, created in collaboration with set designer Anton\u00edn \u0160ilar.<\/p>\n<\/div>\n\n\n\n<div class=\"wp-block-columns is-layout-flex wp-container-core-columns-is-layout-28f84493 wp-block-columns-is-layout-flex\">\n<div class=\"wp-block-column is-layout-flow wp-block-column-is-layout-flow\">\n<figure class=\"wp-block-table is-style-stripes\"><table class=\"has-custom-background-fill-background-color has-background has-fixed-layout\"><thead><tr><th class=\"has-text-align-left\" data-align=\"left\"><strong><br\/>Thursday 16\/04\/2026<\/strong><\/th><\/tr><\/thead><tbody><tr><td class=\"has-text-align-left\" data-align=\"left\">16:15 &#8211; 18:30<\/td><\/tr><tr><td class=\"has-text-align-left\" data-align=\"left\"><strong>Lecture: visual storytelling<\/strong><br\/><a href=\"https:\/\/encounter.cz\/en\/festival\/festival-venues\/#Divadeln%C3%AD-fakulta-JAMU\" data-type=\"page\" data-id=\"22\">Chillout room<\/a><\/td><\/tr><\/tbody><\/table><\/figure>\n<\/div>\n\n\n\n<div class=\"wp-block-column is-vertically-aligned-center is-layout-flow wp-block-column-is-layout-flow\">\n<div class=\"wp-block-buttons is-content-justification-center is-layout-flex wp-container-core-buttons-is-layout-a89b3969 wp-block-buttons-is-layout-flex\">\n<div class=\"wp-block-button\"><a class=\"wp-block-button__link has-custom-primary-color has-custom-secondary-background-color has-text-color has-background has-link-color wp-element-button\" href=\"https:\/\/goout.net\/cs\/listky\/kamila-polivkova-visual-storytelling\/lxjkb\/\">Workshop booking<\/a><\/div>\n<\/div>\n<\/div>\n<\/div>\n\n\n\n<div style=\"height:100px\" aria-hidden=\"true\" class=\"wp-block-spacer\"><\/div>\n<\/div>\n","protected":false},"excerpt":{"rendered":"<p>Visual Storytelling Masterclass by Kamila Pol\u00edvkov\u00e1 Director, set, and costume designer Kamila Pol\u00edvkov\u00e1 will present examples of her work, focusing on various ways of using live video in her theatrical productions, created in collaboration with set designer Anton\u00edn \u0160ilar. Thursday 16\/04\/2026 16:15 &#8211; 18:30 Lecture: visual storytellingChillout room<\/p>\n","protected":false},"author":12,"featured_media":0,"parent":0,"menu_order":0,"comment_status":"closed","ping_status":"closed","template":"","meta":{"footnotes":""},"class_list":["post-4398","page","type-page","status-publish","hentry"],"_links":{"self":[{"href":"https:\/\/encounter.cz\/en\/wp-json\/wp\/v2\/pages\/4398","targetHints":{"allow":["GET"]}}],"collection":[{"href":"https:\/\/encounter.cz\/en\/wp-json\/wp\/v2\/pages"}],"about":[{"href":"https:\/\/encounter.cz\/en\/wp-json\/wp\/v2\/types\/page"}],"author":[{"embeddable":true,"href":"https:\/\/encounter.cz\/en\/wp-json\/wp\/v2\/users\/12"}],"replies":[{"embeddable":true,"href":"https:\/\/encounter.cz\/en\/wp-json\/wp\/v2\/comments?post=4398"}],"version-history":[{"count":9,"href":"https:\/\/encounter.cz\/en\/wp-json\/wp\/v2\/pages\/4398\/revisions"}],"predecessor-version":[{"id":5544,"href":"https:\/\/encounter.cz\/en\/wp-json\/wp\/v2\/pages\/4398\/revisions\/5544"}],"wp:attachment":[{"href":"https:\/\/encounter.cz\/en\/wp-json\/wp\/v2\/media?parent=4398"}],"curies":[{"name":"wp","href":"https:\/\/api.w.org\/{rel}","templated":true}]}}