{"id":5068,"date":"2026-03-23T16:11:08","date_gmt":"2026-03-23T16:11:08","guid":{"rendered":"https:\/\/encounter.cz\/the-coffee-points\/"},"modified":"2026-03-26T11:32:44","modified_gmt":"2026-03-26T11:32:44","slug":"the-coffee-points","status":"publish","type":"page","link":"https:\/\/encounter.cz\/en\/the-coffee-points\/","title":{"rendered":"The Coffee Points"},"content":{"rendered":"\n<div class=\"wp-block-group alignfull has-global-padding is-layout-constrained wp-container-core-group-is-layout-d89aad35 wp-block-group-is-layout-constrained has-background\" style=\"margin-top:0;margin-bottom:0;padding-top:var(--wp--preset--spacing--50);padding-right:var(--wp--preset--spacing--50);padding-bottom:var(--wp--preset--spacing--50);padding-left:var(--wp--preset--spacing--50);background-image:url(&apos;https:\/\/encounter.cz\/wp-content\/uploads\/2025\/09\/fronter_2-1.png&apos;);background-position:50% 50%;background-size:cover;background-attachment:fixed;\">\n<p>When you get your <a href=\"https:\/\/encounter.cz\/en\/off-tape\/\" data-type=\"page\" data-id=\"3658\">OFF pass <\/a>at <a href=\"https:\/\/encounter.cz\/en\/festival\/festival-venues\/#infocentrum\">The Infocenter<\/a>, you will also receive a stamp card. Visit five of our partner cafes located near <a href=\"https:\/\/encounter.cz\/en\/festival-venues\/\" data-type=\"page\" data-id=\"22\">The Festival Venues<\/a>. Buy any drink, whether it&#8217;s coffee, tea, matcha, or something refreshing, and collect a unique stamp at each location. <\/p>\n\n\n\n<p>Once you\u2019ve filled your The Coffee Points card, bring it back to <a href=\"https:\/\/encounter.cz\/en\/festival\/festival-venues\/#infocentrum\" data-type=\"page\" data-id=\"22\">The Infocenter <\/a>to claim a reward available exclusively to those who complete the challenge.<\/p>\n\n\n\n<div style=\"height:var(--wp--preset--spacing--40)\" aria-hidden=\"true\" class=\"wp-block-spacer\"><\/div>\n\n\n\n<div class=\"wp-block-columns alignwide is-layout-flex wp-container-core-columns-is-layout-1da03c2a wp-block-columns-is-layout-flex\">\n<div class=\"wp-block-column is-vertically-aligned-center is-layout-flow wp-block-column-is-layout-flow\" style=\"flex-basis:60%\">\n<figure class=\"wp-block-image size-full is-style-rounded wp-duotone-unset-2 is-style-rounded--1\"><a href=\"https:\/\/www.prazirnabrno.cz\/\"><img loading=\"lazy\" decoding=\"async\" width=\"1536\" height=\"2048\" src=\"https:\/\/encounter.cz\/wp-content\/uploads\/2026\/03\/prazirna.jpeg\" alt=\"\" class=\"wp-image-4951\" style=\"aspect-ratio:4\/3;object-fit:cover\" srcset=\"https:\/\/encounter.cz\/wp-content\/uploads\/2026\/03\/prazirna.jpeg 1536w, https:\/\/encounter.cz\/wp-content\/uploads\/2026\/03\/prazirna-225x300.jpeg 225w, https:\/\/encounter.cz\/wp-content\/uploads\/2026\/03\/prazirna-768x1024.jpeg 768w, https:\/\/encounter.cz\/wp-content\/uploads\/2026\/03\/prazirna-1152x1536.jpeg 1152w\" sizes=\"auto, (max-width: 1536px) 100vw, 1536px\" \/><\/a><\/figure>\n<\/div>\n\n\n\n<div class=\"wp-block-column is-vertically-aligned-center is-layout-flow wp-block-column-is-layout-flow\" style=\"flex-basis:40%\">\n<div class=\"wp-block-group has-border-color has-custom-primary-border-color has-custom-background-fill-color has-custom-primary-background-color has-text-color has-background has-link-color wp-elements-158cab1256c6da3789f68b9e8260b6de has-global-padding is-layout-constrained wp-container-core-group-is-layout-86dba5ee wp-block-group-is-layout-constrained\" style=\"border-width:3px;border-radius:23px;padding-top:var(--wp--preset--spacing--10);padding-right:var(--wp--preset--spacing--10);padding-bottom:var(--wp--preset--spacing--10);padding-left:var(--wp--preset--spacing--10)\">\n<h2 class=\"wp-block-heading has-custom-background-fill-color has-text-color has-link-color wp-elements-c2791f0128085ca7b98540df6abc17b5\" id=\"marta\">Pra\u017e\u00edrna Brno<\/h2>\n\n\n\n<p class=\"has-custom-primary-background-color has-background has-small-font-size\">10% discount on packages of coffee beans and coffee drinks<\/p>\n\n\n\n<p class=\"has-custom-primary-background-color has-background has-small-font-size\"><em>near <a href=\"https:\/\/encounter.cz\/en\/festival\/festival-venues\/#hadi\" data-type=\"page\" data-id=\"22\">HaDivadlo<\/a><\/em><\/p>\n\n\n\n<p class=\"has-custom-primary-background-color has-background has-small-font-size\">Address: <a href=\"https:\/\/maps.app.goo.gl\/z4cW5Jnbqf2xxGAK8\" data-type=\"link\" data-id=\"https:\/\/maps.app.goo.gl\/z4cW5Jnbqf2xxGAK8\">Minoritsk\u00e1 12, 602 00<\/a><\/p>\n<\/div>\n<\/div>\n<\/div>\n<\/div>\n\n<div class=\"wp-block-group alignfull has-global-padding is-layout-constrained wp-container-core-group-is-layout-d89aad35 wp-block-group-is-layout-constrained has-background\" style=\"margin-top:0;margin-bottom:0;padding-top:var(--wp--preset--spacing--50);padding-right:var(--wp--preset--spacing--50);padding-bottom:var(--wp--preset--spacing--50);padding-left:var(--wp--preset--spacing--50);background-image:url(&apos;https:\/\/encounter.cz\/wp-content\/uploads\/2026\/03\/pozadi-tmave.png&apos;);background-position:21% 62%;background-size:cover;background-attachment:fixed;\">\n<div class=\"wp-block-columns alignwide is-layout-flex wp-container-core-columns-is-layout-1da03c2a wp-block-columns-is-layout-flex\">\n<div class=\"wp-block-column is-vertically-aligned-center is-layout-flow wp-block-column-is-layout-flow\" style=\"flex-basis:40%\">\n<div class=\"wp-block-group has-border-color has-custom-background-fill-border-color has-custom-primary-color has-custom-background-fill-background-color has-text-color has-background has-link-color wp-elements-57bfdc9e623791d71afd392ef0e843d9 has-global-padding is-layout-constrained wp-container-core-group-is-layout-86dba5ee wp-block-group-is-layout-constrained\" style=\"border-width:3px;border-radius:23px;padding-top:var(--wp--preset--spacing--10);padding-right:var(--wp--preset--spacing--10);padding-bottom:var(--wp--preset--spacing--10);padding-left:var(--wp--preset--spacing--10)\">\n<h2 class=\"wp-block-heading has-custom-primary-color has-text-color has-link-color wp-elements-6cc8af306fdda9773a80791c22c0ed8c\" id=\"difa\" style=\"padding-right:var(--wp--preset--spacing--10);padding-left:var(--wp--preset--spacing--10)\">It\u00b4s Not a Phase Mom<\/h2>\n\n\n\n<p class=\"has-custom-background-fill-background-color has-background has-small-font-size\">15% discount on the entire assortment<\/p>\n\n\n\n<p class=\"has-custom-background-fill-background-color has-background has-small-font-size\"><em>near <a href=\"https:\/\/encounter.cz\/en\/festival\/festival-venues\/#Studio-Marta\">Studio Marta<\/a><\/em>  <\/p>\n\n\n\n<p class=\"has-custom-background-fill-background-color has-background has-small-font-size\">Address: <a href=\"https:\/\/maps.app.goo.gl\/3ahygU2YEwBkyuor9\">Kotl\u00e1\u0159sk\u00e1 668\/34, 602 00<\/a><\/p>\n<\/div>\n<\/div>\n\n\n\n<div class=\"wp-block-column is-vertically-aligned-center is-layout-flow wp-block-column-is-layout-flow\" style=\"flex-basis:60%\">\n<figure class=\"wp-block-image size-full is-style-rounded wp-duotone-unset-4 is-style-rounded--3\"><a href=\"https:\/\/www.instagram.com\/notaphase_coffee\/\"><img loading=\"lazy\" decoding=\"async\" width=\"1742\" height=\"1157\" src=\"https:\/\/encounter.cz\/wp-content\/uploads\/2026\/03\/not-a-phase.jpeg\" alt=\"\" class=\"wp-image-4959\" style=\"aspect-ratio:4\/3;object-fit:cover\" srcset=\"https:\/\/encounter.cz\/wp-content\/uploads\/2026\/03\/not-a-phase.jpeg 1742w, https:\/\/encounter.cz\/wp-content\/uploads\/2026\/03\/not-a-phase-300x199.jpeg 300w, https:\/\/encounter.cz\/wp-content\/uploads\/2026\/03\/not-a-phase-1024x680.jpeg 1024w, https:\/\/encounter.cz\/wp-content\/uploads\/2026\/03\/not-a-phase-768x510.jpeg 768w, https:\/\/encounter.cz\/wp-content\/uploads\/2026\/03\/not-a-phase-1536x1020.jpeg 1536w\" sizes=\"auto, (max-width: 1742px) 100vw, 1742px\" \/><\/a><\/figure>\n<\/div>\n<\/div>\n<\/div>\n\n<div class=\"wp-block-group alignfull has-global-padding is-layout-constrained wp-container-core-group-is-layout-d89aad35 wp-block-group-is-layout-constrained has-background\" style=\"margin-top:0;margin-bottom:0;padding-top:var(--wp--preset--spacing--50);padding-right:var(--wp--preset--spacing--50);padding-bottom:var(--wp--preset--spacing--50);padding-left:var(--wp--preset--spacing--50);background-image:url(&apos;https:\/\/encounter.cz\/wp-content\/uploads\/2025\/09\/fronter_2-1.png&apos;);background-position:50% 50%;background-size:cover;background-attachment:fixed;\">\n<div class=\"wp-block-columns alignwide is-layout-flex wp-container-core-columns-is-layout-1da03c2a wp-block-columns-is-layout-flex\">\n<div class=\"wp-block-column is-vertically-aligned-center is-layout-flow wp-block-column-is-layout-flow\" style=\"flex-basis:60%\">\n<figure class=\"wp-block-image size-full is-style-rounded wp-duotone-unset-6 is-style-rounded--5\"><a href=\"https:\/\/www.facebook.com\/KavarnaTrojka\/\"><img loading=\"lazy\" decoding=\"async\" width=\"960\" height=\"720\" src=\"https:\/\/encounter.cz\/wp-content\/uploads\/2026\/03\/trojka.jpg\" alt=\"\" class=\"wp-image-4962\" style=\"aspect-ratio:4\/3;object-fit:cover\" srcset=\"https:\/\/encounter.cz\/wp-content\/uploads\/2026\/03\/trojka.jpg 960w, https:\/\/encounter.cz\/wp-content\/uploads\/2026\/03\/trojka-300x225.jpg 300w, https:\/\/encounter.cz\/wp-content\/uploads\/2026\/03\/trojka-768x576.jpg 768w\" sizes=\"auto, (max-width: 960px) 100vw, 960px\" \/><\/a><\/figure>\n<\/div>\n\n\n\n<div class=\"wp-block-column is-vertically-aligned-center is-layout-flow wp-block-column-is-layout-flow\" style=\"flex-basis:40%\">\n<div class=\"wp-block-group has-border-color has-custom-primary-border-color has-custom-background-fill-color has-custom-primary-background-color has-text-color has-background has-link-color wp-elements-0777c5cb9f1366c5267529aa37532638 has-global-padding is-layout-constrained wp-container-core-group-is-layout-86dba5ee wp-block-group-is-layout-constrained\" style=\"border-width:3px;border-radius:23px;padding-top:var(--wp--preset--spacing--10);padding-right:var(--wp--preset--spacing--10);padding-bottom:var(--wp--preset--spacing--10);padding-left:var(--wp--preset--spacing--10)\">\n<h2 class=\"wp-block-heading has-custom-background-fill-color has-text-color has-link-color wp-elements-2b02dcee395a762c7be344c540d3f761\" id=\"marta\">Kav\u00e1rna Trojka<\/h2>\n\n\n\n<p class=\"has-custom-primary-background-color has-background has-small-font-size\">15% discount on the entire assortment<\/p>\n\n\n\n<p class=\"has-custom-primary-background-color has-background has-small-font-size\"><em><em>near <a href=\"https:\/\/encounter.cz\/en\/festival\/festival-venues\/#husa\">The Goose on a String Theatre<\/a><\/em><\/em><\/p>\n\n\n\n<p class=\"has-custom-primary-background-color has-background has-small-font-size\">Address: <a href=\"https:\/\/maps.app.goo.gl\/L2isLoMy9tD7whD57\">Dominik\u00e1nsk\u00e1 9, 602 00<\/a><\/p>\n<\/div>\n<\/div>\n<\/div>\n<\/div>\n\n<div class=\"wp-block-group alignfull has-global-padding is-layout-constrained wp-container-core-group-is-layout-d89aad35 wp-block-group-is-layout-constrained has-background\" style=\"margin-top:0;margin-bottom:0;padding-top:var(--wp--preset--spacing--50);padding-right:var(--wp--preset--spacing--50);padding-bottom:var(--wp--preset--spacing--50);padding-left:var(--wp--preset--spacing--50);background-image:url(&apos;https:\/\/encounter.cz\/wp-content\/uploads\/2026\/03\/pozadi-tmave.png&apos;);background-position:21% 62%;background-size:cover;background-attachment:fixed;\">\n<div class=\"wp-block-columns alignwide is-layout-flex wp-container-core-columns-is-layout-1da03c2a wp-block-columns-is-layout-flex\">\n<div class=\"wp-block-column is-vertically-aligned-center is-layout-flow wp-block-column-is-layout-flow\" style=\"flex-basis:40%\">\n<div class=\"wp-block-group has-border-color has-custom-background-fill-border-color has-custom-primary-color has-custom-background-fill-background-color has-text-color has-background has-link-color wp-elements-eb0ca46fa4949198aa7e25cfb325b54e has-global-padding is-layout-constrained wp-container-core-group-is-layout-86dba5ee wp-block-group-is-layout-constrained\" style=\"border-width:3px;border-radius:23px;padding-top:var(--wp--preset--spacing--10);padding-right:var(--wp--preset--spacing--10);padding-bottom:var(--wp--preset--spacing--10);padding-left:var(--wp--preset--spacing--10)\">\n<h2 class=\"wp-block-heading has-custom-primary-color has-text-color has-link-color wp-elements-555b4abce8b60841464c6749cc7eaf1b\" id=\"difa\" style=\"padding-right:var(--wp--preset--spacing--10);padding-left:var(--wp--preset--spacing--10)\">But first coffee<\/h2>\n\n\n\n<p class=\"has-custom-background-fill-background-color has-background has-small-font-size\">10% discount on drinks<\/p>\n\n\n\n<p class=\"has-custom-background-fill-background-color has-background has-small-font-size\"><em><em>near <a href=\"https:\/\/encounter.cz\/en\/festival\/festival-venues\/#Divadeln%C3%AD-fakulta-JAMU\">JAMU Theatre Faculty<\/a><\/em><\/em><\/p>\n\n\n\n<p class=\"has-custom-background-fill-background-color has-background has-small-font-size\">Address: <a href=\"https:\/\/maps.app.goo.gl\/gWkoNADYyQDhRfam6\">Jezuitsk\u00e1 13\/11, 602 00<\/a><\/p>\n<\/div>\n<\/div>\n\n\n\n<div class=\"wp-block-column is-vertically-aligned-center is-layout-flow wp-block-column-is-layout-flow\" style=\"flex-basis:60%\">\n<figure class=\"wp-block-image size-full is-style-rounded wp-duotone-unset-8 is-style-rounded--7\"><a href=\"https:\/\/www.instagram.com\/but_first_coffee_brno?igshid=YmMyMTA2M2Y%3D\"><img loading=\"lazy\" decoding=\"async\" width=\"900\" height=\"1200\" src=\"https:\/\/encounter.cz\/wp-content\/uploads\/2026\/03\/but-first-coffee.jpeg\" alt=\"\" class=\"wp-image-4965\" style=\"aspect-ratio:4\/3;object-fit:cover\" srcset=\"https:\/\/encounter.cz\/wp-content\/uploads\/2026\/03\/but-first-coffee.jpeg 900w, https:\/\/encounter.cz\/wp-content\/uploads\/2026\/03\/but-first-coffee-225x300.jpeg 225w, https:\/\/encounter.cz\/wp-content\/uploads\/2026\/03\/but-first-coffee-768x1024.jpeg 768w\" sizes=\"auto, (max-width: 900px) 100vw, 900px\" \/><\/a><\/figure>\n<\/div>\n<\/div>\n<\/div>\n\n<div class=\"wp-block-group alignfull has-global-padding is-layout-constrained wp-container-core-group-is-layout-d89aad35 wp-block-group-is-layout-constrained has-background\" style=\"margin-top:0;margin-bottom:0;padding-top:var(--wp--preset--spacing--50);padding-right:var(--wp--preset--spacing--50);padding-bottom:var(--wp--preset--spacing--50);padding-left:var(--wp--preset--spacing--50);background-image:url(&apos;https:\/\/encounter.cz\/wp-content\/uploads\/2025\/09\/fronter_2-1.png&apos;);background-position:50% 50%;background-size:cover;background-attachment:fixed;\">\n<div class=\"wp-block-columns alignwide is-layout-flex wp-container-core-columns-is-layout-1da03c2a wp-block-columns-is-layout-flex\">\n<div class=\"wp-block-column is-vertically-aligned-center is-layout-flow wp-block-column-is-layout-flow\" style=\"flex-basis:60%\">\n<figure class=\"wp-block-image size-full is-style-rounded wp-duotone-unset-10 is-style-rounded--9\"><a href=\"https:\/\/www.instagram.com\/diwa_coffee\/\"><img loading=\"lazy\" decoding=\"async\" width=\"765\" height=\"1020\" src=\"https:\/\/encounter.cz\/wp-content\/uploads\/2026\/03\/2025-12-30.webp\" alt=\"\" class=\"wp-image-4967\" style=\"aspect-ratio:4\/3;object-fit:cover\" srcset=\"https:\/\/encounter.cz\/wp-content\/uploads\/2026\/03\/2025-12-30.webp 765w, https:\/\/encounter.cz\/wp-content\/uploads\/2026\/03\/2025-12-30-225x300.webp 225w\" sizes=\"auto, (max-width: 765px) 100vw, 765px\" \/><\/a><\/figure>\n<\/div>\n\n\n\n<div class=\"wp-block-column is-vertically-aligned-center is-layout-flow wp-block-column-is-layout-flow\" style=\"flex-basis:40%\">\n<div class=\"wp-block-group has-border-color has-custom-primary-border-color has-custom-background-fill-color has-custom-primary-background-color has-text-color has-background has-link-color wp-elements-5b73f99f26b9ef600328606fd1e83270 has-global-padding is-layout-constrained wp-container-core-group-is-layout-86dba5ee wp-block-group-is-layout-constrained\" style=\"border-width:3px;border-radius:23px;padding-top:var(--wp--preset--spacing--10);padding-right:var(--wp--preset--spacing--10);padding-bottom:var(--wp--preset--spacing--10);padding-left:var(--wp--preset--spacing--10)\">\n<h2 class=\"wp-block-heading has-custom-background-fill-color has-text-color has-link-color wp-elements-3d87205c4154c73a195459d8e7ee7f9a\" id=\"marta\">Diwa<\/h2>\n\n\n\n<p class=\"has-custom-primary-background-color has-background has-small-font-size\">10% discount on the entire assortment<\/p>\n\n\n\n<p class=\"has-custom-primary-background-color has-background has-small-font-size\"><em><em>near<a href=\"https:\/\/encounter.cz\/en\/festival\/festival-venues\/#divadlo-na-orli\"> Theatre on Orl\u00ed Street<\/a><\/em><\/em><a href=\"https:\/\/encounter.cz\/en\/festival\/festival-venues\/#divadlo-na-orli\"><em> <\/em><\/a><\/p>\n\n\n\n<p class=\"has-custom-primary-background-color has-background has-small-font-size\">Address: <a href=\"https:\/\/maps.app.goo.gl\/hvq2UbqxjZKhNLno7\">Orl\u00ed 19, 602 00<\/a><\/p>\n<\/div>\n<\/div>\n<\/div>\n<\/div>\n\n<p><\/p>\n","protected":false},"excerpt":{"rendered":"<p>When you get your OFF pass at The Infocenter, you will also receive a stamp card. Visit five of our partner cafes located near The Festival Venues. Buy any drink, whether it&#8217;s coffee, tea, matcha, or something refreshing, and collect a unique stamp at each location. Once you\u2019ve filled your The Coffee Points card, bring [&hellip;]<\/p>\n","protected":false},"author":12,"featured_media":0,"parent":0,"menu_order":0,"comment_status":"closed","ping_status":"closed","template":"","meta":{"footnotes":""},"class_list":["post-5068","page","type-page","status-publish","hentry"],"_links":{"self":[{"href":"https:\/\/encounter.cz\/en\/wp-json\/wp\/v2\/pages\/5068","targetHints":{"allow":["GET"]}}],"collection":[{"href":"https:\/\/encounter.cz\/en\/wp-json\/wp\/v2\/pages"}],"about":[{"href":"https:\/\/encounter.cz\/en\/wp-json\/wp\/v2\/types\/page"}],"author":[{"embeddable":true,"href":"https:\/\/encounter.cz\/en\/wp-json\/wp\/v2\/users\/12"}],"replies":[{"embeddable":true,"href":"https:\/\/encounter.cz\/en\/wp-json\/wp\/v2\/comments?post=5068"}],"version-history":[{"count":9,"href":"https:\/\/encounter.cz\/en\/wp-json\/wp\/v2\/pages\/5068\/revisions"}],"predecessor-version":[{"id":5103,"href":"https:\/\/encounter.cz\/en\/wp-json\/wp\/v2\/pages\/5068\/revisions\/5103"}],"wp:attachment":[{"href":"https:\/\/encounter.cz\/en\/wp-json\/wp\/v2\/media?parent=5068"}],"curies":[{"name":"wp","href":"https:\/\/api.w.org\/{rel}","templated":true}]}}