{"id":5600,"date":"2026-03-27T16:08:46","date_gmt":"2026-03-27T16:08:46","guid":{"rendered":"https:\/\/encounter.cz\/off-programme-exhibition\/"},"modified":"2026-04-01T12:43:13","modified_gmt":"2026-04-01T12:43:13","slug":"off-programme-exhibition","status":"publish","type":"page","link":"https:\/\/encounter.cz\/en\/off-programme-exhibition\/","title":{"rendered":"OFF Programme exhibition"},"content":{"rendered":"\n<p>14. 4. &#8211; 18. 4. \/\/ <a href=\"https:\/\/maps.app.goo.gl\/fjkBSTRFUgMjWFoJ7\">Kav\u00e1rna Trojka<\/a><\/p>\n\n<p>Come and check out the student exhibitions as part of the <a href=\"https:\/\/encounter.cz\/en\/off-programme-line-up\/\" data-type=\"page\" data-id=\"3671\">OFF programme<\/a> right here at <a href=\"https:\/\/encounter.cz\/en\/festival-venues\/#trojka\" data-type=\"page\" data-id=\"3683\">Kav\u00e1rna Trojka<\/a>.<strong> Entry is completely free!<\/strong><br\/><br\/> <\/p>\n\n<p>If you\u2019re wearing an <a href=\"https:\/\/encounter.cz\/en\/off-tape\/\" data-type=\"page\" data-id=\"3658\">OFF pass<\/a>, don\u2019t forget to show it at the bar \u2013 there\u2019s a special <a href=\"https:\/\/encounter.cz\/en\/the-coffee-points\/\">discount<\/a> on drinks waiting for you!<\/p>\n\n<div class=\"wp-block-group alignfull is-layout-flow wp-block-group-is-layout-flow has-background\" style=\"padding-top:var(--wp--preset--spacing--50);padding-right:var(--wp--preset--spacing--50);padding-bottom:var(--wp--preset--spacing--50);padding-left:var(--wp--preset--spacing--50);background-image:url(&apos;https:\/\/encounter.cz\/wp-content\/uploads\/2026\/03\/pozadi-tmave-1.png&apos;);background-position:46% 53%;background-size:cover;background-attachment:fixed;\">\n<div class=\"wp-block-media-text has-media-on-the-right is-stacked-on-mobile is-vertically-aligned-top\"><div class=\"wp-block-media-text__content\">\n<p class=\"has-custom-background-fill-color has-text-color has-link-color wp-elements-3aa5fb0dad7e03011df7d0838ee845dc\">Martin Chmel\u00edk \/\/ <strong>Blissful Berounka 2026<\/strong>  <\/p>\n\n\n\n<p class=\"has-custom-background-fill-color has-text-color has-link-color wp-elements-84945fe1e04d183e2465e24d55d5a734\">Each year, I document a scout camp near the village of Divoky. This year we set out on the river for the first time as land scouts. From the fifteen-day camp on the water and back in Divoky, I created my graduation photography series. Here is a small glimpse from the river.    <br\/>The water was so calm you could almost fry an egg on it. Our hands ached from carrying the boats, our heads from the heat, and our stomachs from too much food. What worried me most was the thought of losing equipment worth a fortune atthe bottom of the river\u2026   <br\/> <\/p>\n\n\n\n<p class=\"has-custom-background-fill-color has-text-color has-link-color wp-elements-82b710419838f7e4808a531a72608585\"><em>I am a student of Audiovisual Production and Theater. Photography fulfills me the most. However, I can&#8217;t do just one thing, so I like to try new things and meet new people. But I prefer to spend my time with people who are close to me.    <\/em><\/p>\n\n\n\n<p><\/p>\n<\/div><figure class=\"wp-block-media-text__media\"><img loading=\"lazy\" decoding=\"async\" width=\"1024\" height=\"683\" src=\"https:\/\/encounter.cz\/wp-content\/uploads\/2026\/03\/Ja_Martin-Chmelik-rozmazan-1024x683.jpg\" alt=\"\" class=\"wp-image-5303 size-full\" srcset=\"https:\/\/encounter.cz\/wp-content\/uploads\/2026\/03\/Ja_Martin-Chmelik-rozmazan-1024x683.jpg 1024w, https:\/\/encounter.cz\/wp-content\/uploads\/2026\/03\/Ja_Martin-Chmelik-rozmazan-300x200.jpg 300w, https:\/\/encounter.cz\/wp-content\/uploads\/2026\/03\/Ja_Martin-Chmelik-rozmazan-768x512.jpg 768w, https:\/\/encounter.cz\/wp-content\/uploads\/2026\/03\/Ja_Martin-Chmelik-rozmazan-1536x1024.jpg 1536w, https:\/\/encounter.cz\/wp-content\/uploads\/2026\/03\/Ja_Martin-Chmelik-rozmazan-2048x1366.jpg 2048w\" sizes=\"auto, (max-width: 1024px) 100vw, 1024px\" \/><\/figure><\/div>\n\n\n\n<div class=\"wp-block-media-text is-stacked-on-mobile is-vertically-aligned-top\"><figure class=\"wp-block-media-text__media\"><img loading=\"lazy\" decoding=\"async\" width=\"1024\" height=\"683\" src=\"https:\/\/encounter.cz\/wp-content\/uploads\/2026\/03\/Media-1-2-1024x683.jpeg\" alt=\"\" class=\"wp-image-5301 size-full\" srcset=\"https:\/\/encounter.cz\/wp-content\/uploads\/2026\/03\/Media-1-2-1024x683.jpeg 1024w, https:\/\/encounter.cz\/wp-content\/uploads\/2026\/03\/Media-1-2-300x200.jpeg 300w, https:\/\/encounter.cz\/wp-content\/uploads\/2026\/03\/Media-1-2-768x512.jpeg 768w, https:\/\/encounter.cz\/wp-content\/uploads\/2026\/03\/Media-1-2-1536x1025.jpeg 1536w, https:\/\/encounter.cz\/wp-content\/uploads\/2026\/03\/Media-1-2.jpeg 2048w\" sizes=\"auto, (max-width: 1024px) 100vw, 1024px\" \/><\/figure><div class=\"wp-block-media-text__content\">\n<p class=\"has-custom-background-fill-color has-text-color has-link-color wp-elements-6f29e2fed2daee3e06859f0d34a86a12\">B\u00e1ra Ku\u010derov\u00e1 \/\/ <strong>People of Berlin <\/strong><\/p>\n\n\n\n<p class=\"has-custom-background-fill-color has-text-color has-link-color wp-elements-ce00311ba375c65426c4891805eaa315\">Calmness, friendship in a few words and eccentricity. I love returning to Berlin and collecting my favorite characters with whom I always experience a brief, meaningful moment. Sometimes with no words used.   <\/p>\n\n\n\n<p class=\"has-custom-background-fill-color has-text-color has-link-color wp-elements-54f310fe583e4cbf679af09d634c9746\"><em>I am a student at JAMU, majoring in Audiovisual Production and Theatre. I first picked up a camera when I was ten years old, since then I have been constantly discovering what and how to capture. In addition to photography, I also make short movies, which, like most of my photographs, are dedicated to documentary style. Beauty is in the temporarily of every moment.   <\/em><\/p>\n<\/div><\/div>\n\n\n\n<div class=\"wp-block-media-text has-media-on-the-right is-stacked-on-mobile is-vertically-aligned-top has-custom-background-fill-color has-text-color has-link-color wp-elements-dd3cdfde1b1a64279cd1ab9cba1a273a\"><div class=\"wp-block-media-text__content\">\n<p>Jasm\u00edna Georgievov\u00e1 \/\/ <strong>Kristus Plakal &amp; LOVE VOE<\/strong><\/p>\n\n\n\n<details class=\"wp-block-details is-layout-flow wp-block-details-is-layout-flow\"><summary> <strong>Kristus Plakal<\/strong><\/summary>\n<p>Once upon a time, there was a little pig who lived in a small pen with its family. The pig believed in its own uniqueness. And so, despite being forbidden from leaving the pen, it decided to discover the big world. The world beyond the fence. The world out there \u2013 vast and free. But how to succeed in the big world? In that enormous pond full of big fish. How to showcase your talent when you\u2019re not the only talented one? Will anyone even notice you? How to become visible in a society whose values are defined by patriarchal gestures? Is a pair of expensive watches enough? Or knowing someone who\u2019s already at the top? And what would Adam Mi\u0161\u00edk say to all this? Maybe he\u2019d give advice, maybe he\u2019d rap, maybe he could help\u2026 And then there was the man everyone knows. The one who sacrificed himself for the people, yet they still condemned him\u2026               <\/p>\n\n\n\n<p>Photography from the monodrama by Michal Franti\u0161ek Str\u00e1sk\u00fd \u2013 Kristus Plakal <\/p>\n\n\n\n<p>Director: Am\u00e1lie Dvo\u0159\u00e1kov\u00e1, dramaturgy: Sabina Ka\u0161parov\u00e1, scenography: Vendula Kl\u00edmov\u00e1. <\/p>\n<\/details>\n\n\n\n<details class=\"wp-block-details is-layout-flow wp-block-details-is-layout-flow\"><summary><strong>LOVE VOE<\/strong><\/summary>\n<p style=\"line-height:0.4\">Can I help you? <\/p>\n\n\n\n<p style=\"line-height:0.4\">With what? <\/p>\n\n\n\n<p style=\"line-height:0.4\">With you. <\/p>\n\n\n\n<p style=\"line-height:0.4\">Until death do us part? <\/p>\n\n\n\n<p style=\"line-height:0.4\">Happily? <\/p>\n\n\n\n<p style=\"line-height:0.4\">Yes. <\/p>\n<\/details>\n\n\n\n<p style=\"line-height:0.9\"><em>I am Jasmine <\/em><\/p>\n\n\n\n<p style=\"line-height:0.9\"><em>hands holding seeing-things. two eyes, three eyes-who\u2019s counting?<\/em>  <\/p>\n\n\n\n<p style=\"line-height:0.9\"><em>3 2 1 Peeky peek, chi chi <\/em> <\/p>\n\n\n\n<p style=\"line-height:0.9\"><em>I lovey-you lovey<br\/>the lens giggles\u2014camera plip!<\/em>  <\/p>\n<\/div><figure class=\"wp-block-media-text__media\"><img loading=\"lazy\" decoding=\"async\" width=\"1024\" height=\"948\" src=\"https:\/\/encounter.cz\/wp-content\/uploads\/2026\/03\/IMG_7807-1024x948.jpeg\" alt=\"\" class=\"wp-image-5406 size-full\" srcset=\"https:\/\/encounter.cz\/wp-content\/uploads\/2026\/03\/IMG_7807-1024x948.jpeg 1024w, https:\/\/encounter.cz\/wp-content\/uploads\/2026\/03\/IMG_7807-300x278.jpeg 300w, https:\/\/encounter.cz\/wp-content\/uploads\/2026\/03\/IMG_7807-768x711.jpeg 768w, https:\/\/encounter.cz\/wp-content\/uploads\/2026\/03\/IMG_7807.jpeg 1326w\" sizes=\"auto, (max-width: 1024px) 100vw, 1024px\" \/><\/figure><\/div>\n\n\n\n<p><\/p>\n<\/div>\n","protected":false},"excerpt":{"rendered":"<p>14. 4. &#8211; 18. 4. \/\/ Kav\u00e1rna Trojka Come and check out the student exhibitions as part of the OFF programme right here at Kav\u00e1rna Trojka. Entry is completely free! If you\u2019re wearing an OFF pass, don\u2019t forget to show it at the bar \u2013 there\u2019s a special discount on drinks waiting for you! Martin [&hellip;]<\/p>\n","protected":false},"author":12,"featured_media":0,"parent":0,"menu_order":0,"comment_status":"closed","ping_status":"closed","template":"","meta":{"footnotes":""},"class_list":["post-5600","page","type-page","status-publish","hentry"],"_links":{"self":[{"href":"https:\/\/encounter.cz\/en\/wp-json\/wp\/v2\/pages\/5600","targetHints":{"allow":["GET"]}}],"collection":[{"href":"https:\/\/encounter.cz\/en\/wp-json\/wp\/v2\/pages"}],"about":[{"href":"https:\/\/encounter.cz\/en\/wp-json\/wp\/v2\/types\/page"}],"author":[{"embeddable":true,"href":"https:\/\/encounter.cz\/en\/wp-json\/wp\/v2\/users\/12"}],"replies":[{"embeddable":true,"href":"https:\/\/encounter.cz\/en\/wp-json\/wp\/v2\/comments?post=5600"}],"version-history":[{"count":1,"href":"https:\/\/encounter.cz\/en\/wp-json\/wp\/v2\/pages\/5600\/revisions"}],"predecessor-version":[{"id":5601,"href":"https:\/\/encounter.cz\/en\/wp-json\/wp\/v2\/pages\/5600\/revisions\/5601"}],"wp:attachment":[{"href":"https:\/\/encounter.cz\/en\/wp-json\/wp\/v2\/media?parent=5600"}],"curies":[{"name":"wp","href":"https:\/\/api.w.org\/{rel}","templated":true}]}}