{"id":691,"date":"2024-03-25T13:08:55","date_gmt":"2024-03-25T13:08:55","guid":{"rendered":"https:\/\/encounter.cz\/festival-venues\/"},"modified":"2026-04-15T12:10:48","modified_gmt":"2026-04-15T12:10:48","slug":"festival-venues","status":"publish","type":"page","link":"https:\/\/encounter.cz\/en\/festival\/festival-venues\/","title":{"rendered":"The Festival Venues"},"content":{"rendered":"\n<p>All festival locations are marked on the <a href=\"https:\/\/www.google.com\/maps\/d\/u\/0\/viewer?hl=cs&amp;mid=1YbNpQWyGaYzvXyIZI2Z190id0KT7wlU&amp;ll=49.194037909820466%2C16.60905743220001&amp;z=16\">map<\/a>.<\/p>\n\n\n\n<div class=\"wp-block-group alignfull has-global-padding is-layout-constrained wp-container-core-group-is-layout-d89aad35 wp-block-group-is-layout-constrained has-background\" id=\"Divadeln\u00ed-fakulta-JAMU\" style=\"margin-top:0;margin-bottom:0;padding-top:var(--wp--preset--spacing--50);padding-right:var(--wp--preset--spacing--50);padding-bottom:var(--wp--preset--spacing--50);padding-left:var(--wp--preset--spacing--50);background-image:url(&apos;https:\/\/encounter.cz\/wp-content\/uploads\/2025\/09\/fronter_2-1.png&apos;);background-position:50% 50%;background-size:cover;background-attachment:fixed;\">\n<div class=\"wp-block-columns alignwide is-layout-flex wp-container-core-columns-is-layout-1da03c2a wp-block-columns-is-layout-flex\">\n<div class=\"wp-block-column is-vertically-aligned-center is-layout-flow wp-block-column-is-layout-flow\" style=\"flex-basis:60%\">\n<figure class=\"wp-block-image size-full is-style-rounded wp-duotone-unset-2 is-style-rounded--1\"><a href=\"https:\/\/www.jamu.cz\/\"><img loading=\"lazy\" decoding=\"async\" width=\"2560\" height=\"1920\" src=\"https:\/\/encounter.cz\/wp-content\/uploads\/2025\/02\/Jama-edited-scaled.jpg\" alt=\"\" class=\"wp-image-1091\" style=\"aspect-ratio:4\/3;object-fit:cover\" srcset=\"https:\/\/encounter.cz\/wp-content\/uploads\/2025\/02\/Jama-edited-scaled.jpg 2560w, https:\/\/encounter.cz\/wp-content\/uploads\/2025\/02\/Jama-edited-300x225.jpg 300w, https:\/\/encounter.cz\/wp-content\/uploads\/2025\/02\/Jama-edited-1024x768.jpg 1024w, https:\/\/encounter.cz\/wp-content\/uploads\/2025\/02\/Jama-edited-768x576.jpg 768w, https:\/\/encounter.cz\/wp-content\/uploads\/2025\/02\/Jama-edited-1536x1152.jpg 1536w, https:\/\/encounter.cz\/wp-content\/uploads\/2025\/02\/Jama-edited-2048x1536.jpg 2048w\" sizes=\"auto, (max-width: 2560px) 100vw, 2560px\" \/><\/a><\/figure>\n<\/div>\n\n\n\n<div class=\"wp-block-column is-vertically-aligned-center is-layout-flow wp-block-column-is-layout-flow\" style=\"flex-basis:40%\">\n<div class=\"wp-block-group has-border-color has-custom-primary-border-color has-custom-background-fill-color has-custom-primary-background-color has-text-color has-background has-link-color wp-elements-2d4976c8958cd30e8f7858a70faa5c50 has-global-padding is-layout-constrained wp-container-core-group-is-layout-86dba5ee wp-block-group-is-layout-constrained\" style=\"border-width:3px;border-radius:23px;padding-top:var(--wp--preset--spacing--10);padding-right:var(--wp--preset--spacing--10);padding-bottom:var(--wp--preset--spacing--10);padding-left:var(--wp--preset--spacing--10)\">\n<h2 class=\"wp-block-heading has-custom-background-fill-color has-text-color has-link-color wp-elements-c09382654147582e79fe4a08f92361f3\" id=\"marta\">Theatre faculty JAMU<\/h2>\n\n\n\n<p class=\"has-custom-primary-background-color has-background has-small-font-size\">The building of the Theatre Faculty of the JAMU was built in 1907-1909 according to the design of the Viennese architect Edmund Schutt. The palace building in the Neo-Baroque style with elements of Viennese Art Nouveau was built on the corner of Mozart and Dvo\u0159\u00e1k Streets. Our academy was founded on 12. September 1947, 31. On August 1959, the division of JAMU into faculties was abolished by a government decision. The Faculty of Theatre was re-established in 1990.     <\/p>\n\n\n\n<p class=\"has-custom-primary-background-color has-background has-small-font-size\">Adress: <a href=\"https:\/\/maps.app.goo.gl\/LMnydajH2eitjavU6\" data-type=\"link\" data-id=\"https:\/\/maps.app.goo.gl\/LMnydajH2eitjavU6\">Mozartova 1, 602 00<\/a><\/p>\n<\/div>\n<\/div>\n<\/div>\n<\/div>\n\n\n\n<div class=\"wp-block-group alignfull has-contrast-color has-text-color has-link-color wp-elements-ab1ff5430eb84441ee6eb81d7c1e5f0d has-global-padding is-layout-constrained wp-container-core-group-is-layout-d89aad35 wp-block-group-is-layout-constrained has-background\" id=\"Infocentrum\" style=\"margin-top:0;margin-bottom:0;padding-top:var(--wp--preset--spacing--50);padding-right:var(--wp--preset--spacing--50);padding-bottom:var(--wp--preset--spacing--50);padding-left:var(--wp--preset--spacing--50);background-image:url(&apos;https:\/\/encounter.cz\/wp-content\/uploads\/2026\/03\/pozadi-tmave-1.png&apos;);background-position:96% 43%;background-size:cover;background-attachment:fixed;\">\n<div class=\"wp-block-columns alignwide is-layout-flex wp-container-core-columns-is-layout-1da03c2a wp-block-columns-is-layout-flex\">\n<div class=\"wp-block-column is-vertically-aligned-center is-layout-flow wp-block-column-is-layout-flow\" style=\"flex-basis:40%\">\n<div class=\"wp-block-group has-border-color has-custom-background-fill-border-color has-custom-primary-color has-custom-background-fill-background-color has-text-color has-background has-link-color wp-elements-835dd102c47a642b0f7c8f2d81b081fa has-global-padding is-layout-constrained wp-container-core-group-is-layout-86dba5ee wp-block-group-is-layout-constrained\" style=\"border-width:3px;border-radius:23px;padding-top:var(--wp--preset--spacing--10);padding-right:var(--wp--preset--spacing--10);padding-bottom:var(--wp--preset--spacing--10);padding-left:var(--wp--preset--spacing--10)\">\n<h2 class=\"wp-block-heading has-custom-primary-color has-text-color has-link-color wp-elements-21ab2915358b16a02354c2c0cfbeea72\" id=\"infocentrum\">The Infocenter<\/h2>\n\n\n\n<p id=\"orli\"><\/p>\n\n\n\n<p class=\"has-small-font-size\">The heart of the festival can be found on the ground floor of the JAMU Theatre Faculty. We are here for you every day to help the festival run smoothly. <\/p>\n\n\n\n<p class=\"has-small-font-size\">Stop by if you need us:<\/p>\n\n\n\n<ul class=\"wp-block-list has-small-font-size\">\n<li>Get advice on the programme or book a place at the workshop.<\/li>\n\n\n\n<li>Buy tickets for the performance or festival merch.<\/li>\n\n\n\n<li>Buy an OFF pass or pick up one bought online.<\/li>\n\n\n\n<li>Obtain accreditation (valid for guests, journalists, interns and volunteers).<\/li>\n\n\n\n<li>Pass your ticket on to someone else.<\/li>\n\n\n\n<li>Claim your reward for The Coffee Points.<\/li>\n\n\n\n<li>Find out where to go for food and drink at a festival discount.<\/li>\n<\/ul>\n\n\n\n<details class=\"wp-block-details has-small-font-size is-layout-flow wp-block-details-is-layout-flow\" style=\"line-height:0.5\"><summary>Opening hours<\/summary>\n<p class=\"has-small-font-size\" style=\"line-height:0.4\">Monday 9:00 &#8211; 17:00 <\/p>\n\n\n\n<p>Tuesday 9:00 &#8211; 17:00 <\/p>\n\n\n\n<p>Wednesday 8:00 &#8211; 18:00 <\/p>\n\n\n\n<p>Thursday 8:00 &#8211; 18:00 <\/p>\n\n\n\n<p>Friday 8:00 &#8211; 18:00 <\/p>\n\n\n\n<p>Saturday 8:00 &#8211; 16:00 <\/p>\n\n\n\n<p>Sunday 9:00 &#8211; 12:00 <\/p>\n<\/details>\n\n\n\n<p class=\"has-custom-background-fill-background-color has-background has-small-font-size\">Adress: <a href=\"https:\/\/maps.app.goo.gl\/LMnydajH2eitjavU6\" data-type=\"link\" data-id=\"https:\/\/maps.app.goo.gl\/LMnydajH2eitjavU6\">Mozartova 1, 602 00<\/a><\/p>\n\n\n\n<p class=\"has-custom-background-fill-background-color has-background has-small-font-size\">Phone: +420 733 127 613<\/p>\n<\/div>\n<\/div>\n\n\n\n<div class=\"wp-block-column is-vertically-aligned-center is-layout-flow wp-block-column-is-layout-flow\" style=\"flex-basis:60%\">\n<figure class=\"wp-block-image size-full is-style-rounded wp-duotone-unset-4 is-style-rounded--3\"><img loading=\"lazy\" decoding=\"async\" width=\"2560\" height=\"1707\" src=\"https:\/\/encounter.cz\/wp-content\/uploads\/2026\/03\/8O8A8571-scaled.jpg\" alt=\"\" class=\"wp-image-4643\" style=\"aspect-ratio:1.3333333333333333;object-fit:cover\" srcset=\"https:\/\/encounter.cz\/wp-content\/uploads\/2026\/03\/8O8A8571-scaled.jpg 2560w, https:\/\/encounter.cz\/wp-content\/uploads\/2026\/03\/8O8A8571-300x200.jpg 300w, https:\/\/encounter.cz\/wp-content\/uploads\/2026\/03\/8O8A8571-1024x683.jpg 1024w, https:\/\/encounter.cz\/wp-content\/uploads\/2026\/03\/8O8A8571-768x512.jpg 768w, https:\/\/encounter.cz\/wp-content\/uploads\/2026\/03\/8O8A8571-1536x1024.jpg 1536w, https:\/\/encounter.cz\/wp-content\/uploads\/2026\/03\/8O8A8571-2048x1365.jpg 2048w\" sizes=\"auto, (max-width: 2560px) 100vw, 2560px\" \/><\/figure>\n<\/div>\n<\/div>\n<\/div>\n\n\n\n<div class=\"wp-block-group alignfull has-global-padding is-layout-constrained wp-container-core-group-is-layout-d89aad35 wp-block-group-is-layout-constrained has-background\" id=\"Studio-Marta\" style=\"margin-top:0;margin-bottom:0;padding-top:var(--wp--preset--spacing--50);padding-right:var(--wp--preset--spacing--50);padding-bottom:var(--wp--preset--spacing--50);padding-left:var(--wp--preset--spacing--50);background-image:url(&apos;https:\/\/encounter.cz\/wp-content\/uploads\/2025\/09\/fronter_2-1.png&apos;);background-position:50% 50%;background-size:cover;background-attachment:fixed;\">\n<div class=\"wp-block-columns alignwide is-layout-flex wp-container-core-columns-is-layout-1da03c2a wp-block-columns-is-layout-flex\">\n<div class=\"wp-block-column is-vertically-aligned-center is-layout-flow wp-block-column-is-layout-flow\" style=\"flex-basis:60%\">\n<figure class=\"wp-block-image size-full is-style-rounded wp-duotone-unset-6 is-style-rounded--5\"><a href=\"https:\/\/www.studiomarta.cz\/\"><img loading=\"lazy\" decoding=\"async\" width=\"2048\" height=\"1365\" src=\"https:\/\/encounter.cz\/wp-content\/uploads\/2025\/03\/Marta.jpg\" alt=\"\" class=\"wp-image-1781\" style=\"aspect-ratio:4\/3;object-fit:cover\" srcset=\"https:\/\/encounter.cz\/wp-content\/uploads\/2025\/03\/Marta.jpg 2048w, https:\/\/encounter.cz\/wp-content\/uploads\/2025\/03\/Marta-300x200.jpg 300w, https:\/\/encounter.cz\/wp-content\/uploads\/2025\/03\/Marta-1024x683.jpg 1024w, https:\/\/encounter.cz\/wp-content\/uploads\/2025\/03\/Marta-768x512.jpg 768w, https:\/\/encounter.cz\/wp-content\/uploads\/2025\/03\/Marta-1536x1024.jpg 1536w\" sizes=\"auto, (max-width: 2048px) 100vw, 2048px\" \/><\/a><\/figure>\n<\/div>\n\n\n\n<div class=\"wp-block-column is-vertically-aligned-center is-layout-flow wp-block-column-is-layout-flow\" style=\"flex-basis:40%\">\n<div class=\"wp-block-group has-border-color has-custom-primary-border-color has-custom-background-fill-color has-custom-primary-background-color has-text-color has-background has-link-color wp-elements-7555df2d28a49bf28eed37b81c54a6ae has-global-padding is-layout-constrained wp-container-core-group-is-layout-86dba5ee wp-block-group-is-layout-constrained\" style=\"border-width:3px;border-radius:23px;padding-top:var(--wp--preset--spacing--10);padding-right:var(--wp--preset--spacing--10);padding-bottom:var(--wp--preset--spacing--10);padding-left:var(--wp--preset--spacing--10)\">\n<h2 class=\"wp-block-heading has-custom-background-fill-color has-text-color has-link-color wp-elements-ea6767cd17a4f7e62eb7f5c34b7f7164\" id=\"marta\">Studio Marta<\/h2>\n\n\n\n<p class=\"has-custom-primary-background-color has-background has-small-font-size\">Studio Marta is a specific experimental space where school projects of students of the Theatre Faculty of JAMU are presented.<\/p>\n\n\n\n<p class=\"has-custom-primary-background-color has-background has-small-font-size\">Adress: <a href=\"https:\/\/maps.app.goo.gl\/3wCjFb45DW9GWUxS7\" data-type=\"link\" data-id=\"https:\/\/maps.app.goo.gl\/3wCjFb45DW9GWUxS7\">Bayerova 575, 602 00<\/a><\/p>\n<\/div>\n<\/div>\n<\/div>\n<\/div>\n\n\n\n<div class=\"wp-block-group alignfull has-contrast-color has-text-color has-link-color wp-elements-eb9dd54549a47da8f6860f216aa37946 has-global-padding is-layout-constrained wp-container-core-group-is-layout-d89aad35 wp-block-group-is-layout-constrained has-background\" id=\"divadlo-na-orli\" style=\"margin-top:0;margin-bottom:0;padding-top:var(--wp--preset--spacing--50);padding-right:var(--wp--preset--spacing--50);padding-bottom:var(--wp--preset--spacing--50);padding-left:var(--wp--preset--spacing--50);background-image:url(&apos;https:\/\/encounter.cz\/wp-content\/uploads\/2026\/03\/pozadi-tmave-1.png&apos;);background-position:96% 43%;background-size:cover;background-attachment:fixed;\">\n<div class=\"wp-block-columns alignwide is-layout-flex wp-container-core-columns-is-layout-1da03c2a wp-block-columns-is-layout-flex\">\n<div class=\"wp-block-column is-vertically-aligned-center is-layout-flow wp-block-column-is-layout-flow\" style=\"flex-basis:40%\">\n<div class=\"wp-block-group has-border-color has-custom-background-fill-border-color has-custom-primary-color has-custom-background-fill-background-color has-text-color has-background has-link-color wp-elements-d415c604add5fe32c0833794f4e964c8 has-global-padding is-layout-constrained wp-container-core-group-is-layout-86dba5ee wp-block-group-is-layout-constrained\" style=\"border-width:3px;border-radius:23px;padding-top:var(--wp--preset--spacing--10);padding-right:var(--wp--preset--spacing--10);padding-bottom:var(--wp--preset--spacing--10);padding-left:var(--wp--preset--spacing--10)\">\n<h2 class=\"wp-block-heading has-custom-primary-color has-text-color has-link-color wp-elements-68f632e66626e04b5ff2072884b7a5c7\" id=\"orli\">Theatre on Orl\u00ed Street<\/h2>\n\n\n\n<p id=\"orli\"><\/p>\n\n\n\n<p class=\"has-small-font-size\">Divadlo na Orl\u00ed \/ Musical Drama Laboratory of the JAMU was opened as a new theatre venue of the Jan\u00e1\u010dek Academy of Performing Arts on 24. October  2012. It offers a variable scene of young art to cultural Brno and contributes to the contemporary architectural form of the city by building on the 2nd century. World War II with a modern building from the studio of Brno architects Pavel Rada and Milan Rak <\/p>\n\n\n\n<p class=\"has-custom-background-fill-background-color has-background has-small-font-size\">Address: <a href=\"https:\/\/maps.app.goo.gl\/c5zuQHLn8YQKDEJVA\">Orl\u00ed 19, 602 00<\/a><\/p>\n<\/div>\n<\/div>\n\n\n\n<div class=\"wp-block-column is-vertically-aligned-center is-layout-flow wp-block-column-is-layout-flow\" style=\"flex-basis:60%\">\n<figure class=\"wp-block-image size-full is-style-rounded wp-duotone-unset-8 is-style-rounded--7\"><a href=\"https:\/\/divadlonaorli.jamu.cz\/\"><img loading=\"lazy\" decoding=\"async\" width=\"2560\" height=\"1441\" src=\"https:\/\/encounter.cz\/wp-content\/uploads\/2024\/03\/JAMU-dno21-scaled.jpg\" alt=\"\" class=\"wp-image-259\" style=\"aspect-ratio:1.3333333333333333;object-fit:cover\" srcset=\"https:\/\/encounter.cz\/wp-content\/uploads\/2024\/03\/JAMU-dno21-scaled.jpg 2560w, https:\/\/encounter.cz\/wp-content\/uploads\/2024\/03\/JAMU-dno21-300x169.jpg 300w, https:\/\/encounter.cz\/wp-content\/uploads\/2024\/03\/JAMU-dno21-1024x576.jpg 1024w, https:\/\/encounter.cz\/wp-content\/uploads\/2024\/03\/JAMU-dno21-768x432.jpg 768w, https:\/\/encounter.cz\/wp-content\/uploads\/2024\/03\/JAMU-dno21-1536x864.jpg 1536w, https:\/\/encounter.cz\/wp-content\/uploads\/2024\/03\/JAMU-dno21-2048x1153.jpg 2048w\" sizes=\"auto, (max-width: 2560px) 100vw, 2560px\" \/><\/a><\/figure>\n<\/div>\n<\/div>\n<\/div>\n\n\n\n<div class=\"wp-block-group alignfull has-global-padding is-layout-constrained wp-container-core-group-is-layout-d89aad35 wp-block-group-is-layout-constrained has-background\" id=\"husa\" style=\"margin-top:0;margin-bottom:0;padding-top:var(--wp--preset--spacing--50);padding-right:var(--wp--preset--spacing--50);padding-bottom:var(--wp--preset--spacing--50);padding-left:var(--wp--preset--spacing--50);background-image:url(&apos;https:\/\/encounter.cz\/wp-content\/uploads\/2025\/09\/fronter_2-1.png&apos;);background-position:90% 77%;background-size:cover;background-attachment:fixed;\">\n<div class=\"wp-block-columns alignwide is-layout-flex wp-container-core-columns-is-layout-1da03c2a wp-block-columns-is-layout-flex\">\n<div class=\"wp-block-column is-vertically-aligned-center is-layout-flow wp-block-column-is-layout-flow\" style=\"flex-basis:60%\">\n<figure class=\"wp-block-image size-full is-style-rounded wp-duotone-unset-10 is-style-rounded--9\"><a href=\"https:\/\/www.provazek.cz\/\"><img loading=\"lazy\" decoding=\"async\" width=\"2560\" height=\"1441\" src=\"https:\/\/encounter.cz\/wp-content\/uploads\/2024\/03\/Husak-na-provaze-scaled.jpg\" alt=\"\" class=\"wp-image-260\" style=\"aspect-ratio:4\/3;object-fit:cover\" srcset=\"https:\/\/encounter.cz\/wp-content\/uploads\/2024\/03\/Husak-na-provaze-scaled.jpg 2560w, https:\/\/encounter.cz\/wp-content\/uploads\/2024\/03\/Husak-na-provaze-300x169.jpg 300w, https:\/\/encounter.cz\/wp-content\/uploads\/2024\/03\/Husak-na-provaze-1024x576.jpg 1024w, https:\/\/encounter.cz\/wp-content\/uploads\/2024\/03\/Husak-na-provaze-768x432.jpg 768w, https:\/\/encounter.cz\/wp-content\/uploads\/2024\/03\/Husak-na-provaze-1536x864.jpg 1536w, https:\/\/encounter.cz\/wp-content\/uploads\/2024\/03\/Husak-na-provaze-2048x1153.jpg 2048w\" sizes=\"auto, (max-width: 2560px) 100vw, 2560px\" \/><\/a><\/figure>\n<\/div>\n\n\n\n<div class=\"wp-block-column is-vertically-aligned-center is-layout-flow wp-block-column-is-layout-flow\" style=\"flex-basis:40%\">\n<div class=\"wp-block-group has-border-color has-custom-primary-border-color has-custom-background-fill-color has-custom-primary-background-color has-text-color has-background has-link-color wp-elements-8ad6546240179a4248ff891d9bae21e7 has-global-padding is-layout-constrained wp-container-core-group-is-layout-86dba5ee wp-block-group-is-layout-constrained\" style=\"border-width:3px;border-radius:23px;padding-top:var(--wp--preset--spacing--10);padding-right:var(--wp--preset--spacing--10);padding-bottom:var(--wp--preset--spacing--10);padding-left:var(--wp--preset--spacing--10)\">\n<h2 class=\"wp-block-heading has-custom-background-fill-color has-text-color has-link-color wp-elements-e88be7688c28f2c5d9fdb59753295ff5\" id=\"marta\">The Goose on a String Theatre<\/h2>\n\n\n\n<p class=\"has-custom-primary-background-color has-background has-small-font-size\">The Goose on a String Theatre &#8211; a stage of contemporary themes and unexpected forms. Since 1967 it has brought together theatre artists, writers, musicians and visual artists for whom art is a way of life and artistic creation a privilege. The poetics of this theatre-movement is characterised by its emphasis on developing a unique heritage of so-called irregular dramaturgy, the power of imagination and shared physicality.  <\/p>\n\n\n\n<p class=\"has-custom-primary-background-color has-background has-small-font-size\">Adress: <a href=\"https:\/\/maps.app.goo.gl\/ACfFMEr1dM99f9X88\">Zeln\u00fd trh 294, 602 00<\/a><\/p>\n<\/div>\n<\/div>\n<\/div>\n<\/div>\n\n\n\n<div class=\"wp-block-group alignfull has-contrast-color has-custom-primary-background-color has-text-color has-background has-link-color wp-elements-2c756319f63698b2d130daef8a9b6c11 has-global-padding is-layout-constrained wp-container-core-group-is-layout-d89aad35 wp-block-group-is-layout-constrained\" id=\"hadi\" style=\"margin-top:0;margin-bottom:0;padding-top:var(--wp--preset--spacing--50);padding-right:var(--wp--preset--spacing--50);padding-bottom:var(--wp--preset--spacing--50);padding-left:var(--wp--preset--spacing--50);background-image:url(&apos;https:\/\/encounter.cz\/wp-content\/uploads\/2026\/03\/pozadi-tmave2-rotated.jpg&apos;);background-size:cover;background-attachment:fixed;\">\n<div class=\"wp-block-columns alignwide is-layout-flex wp-container-core-columns-is-layout-1da03c2a wp-block-columns-is-layout-flex\">\n<div class=\"wp-block-column is-vertically-aligned-center is-layout-flow wp-block-column-is-layout-flow\" style=\"flex-basis:40%\">\n<div class=\"wp-block-group has-border-color has-custom-background-fill-border-color has-custom-primary-color has-custom-background-fill-background-color has-text-color has-background has-link-color wp-elements-60661c5cac56264c81fcef2946ee4a78 has-global-padding is-layout-constrained wp-container-core-group-is-layout-86dba5ee wp-block-group-is-layout-constrained\" style=\"border-width:3px;border-radius:23px;padding-top:var(--wp--preset--spacing--10);padding-right:var(--wp--preset--spacing--10);padding-bottom:var(--wp--preset--spacing--10);padding-left:var(--wp--preset--spacing--10)\">\n<h2 class=\"wp-block-heading has-custom-primary-color has-text-color has-link-color wp-elements-35c8ea51ff71fbe1ca5e49affd2e5d27\" id=\"orli\">HaDivadlo<\/h2>\n\n\n\n<p id=\"orli\"><\/p>\n\n\n\n<p class=\"has-small-font-size\">HaDivadlo is located in Palace Alfa\u2014a functionalist complex situated at the corner of J\u00e1nsk\u00e1 and Po\u0161tovsk\u00e1 streets, with a passageway through a shopping arcade leading to N\u00e1m\u011bst\u00ed Svobody. Pal\u00e1c Alfa, designed by world-renowned architect Bohuslav Fuchs and built by Franti\u0161ek Hrdina between 1930 and 1937, is now a protected cultural monument of the Czech Republic. <\/p>\n\n\n\n<p class=\"has-custom-background-fill-background-color has-background has-small-font-size\">Adress: <a href=\"https:\/\/maps.app.goo.gl\/eokFa5jD9ebXf2y8A\">Po\u0161tovsk\u00e1 8d, 602 00<\/a><\/p>\n<\/div>\n<\/div>\n\n\n\n<div class=\"wp-block-column is-vertically-aligned-center is-layout-flow wp-block-column-is-layout-flow\" style=\"flex-basis:60%\">\n<figure class=\"wp-block-image size-full is-style-rounded wp-duotone-unset-12 is-style-rounded--11\"><a href=\"https:\/\/www.hadivadlo.cz\/\"><img loading=\"lazy\" decoding=\"async\" width=\"2048\" height=\"1365\" src=\"https:\/\/encounter.cz\/wp-content\/uploads\/2025\/03\/HaDivadlo.jpg\" alt=\"\" class=\"wp-image-1783\" style=\"aspect-ratio:1.3333333333333333;object-fit:cover\" srcset=\"https:\/\/encounter.cz\/wp-content\/uploads\/2025\/03\/HaDivadlo.jpg 2048w, https:\/\/encounter.cz\/wp-content\/uploads\/2025\/03\/HaDivadlo-300x200.jpg 300w, https:\/\/encounter.cz\/wp-content\/uploads\/2025\/03\/HaDivadlo-1024x683.jpg 1024w, https:\/\/encounter.cz\/wp-content\/uploads\/2025\/03\/HaDivadlo-768x512.jpg 768w, https:\/\/encounter.cz\/wp-content\/uploads\/2025\/03\/HaDivadlo-1536x1024.jpg 1536w\" sizes=\"auto, (max-width: 2048px) 100vw, 2048px\" \/><\/a><\/figure>\n<\/div>\n<\/div>\n<\/div>\n","protected":false},"excerpt":{"rendered":"<p>All festival locations are marked on the map. Theatre faculty JAMU The building of the Theatre Faculty of the JAMU was built in 1907-1909 according to the design of the Viennese architect Edmund Schutt. The palace building in the Neo-Baroque style with elements of Viennese Art Nouveau was built on the corner of Mozart and [&hellip;]<\/p>\n","protected":false},"author":2,"featured_media":2622,"parent":2721,"menu_order":0,"comment_status":"closed","ping_status":"closed","template":"","meta":{"footnotes":""},"class_list":["post-691","page","type-page","status-publish","has-post-thumbnail","hentry"],"_links":{"self":[{"href":"https:\/\/encounter.cz\/en\/wp-json\/wp\/v2\/pages\/691","targetHints":{"allow":["GET"]}}],"collection":[{"href":"https:\/\/encounter.cz\/en\/wp-json\/wp\/v2\/pages"}],"about":[{"href":"https:\/\/encounter.cz\/en\/wp-json\/wp\/v2\/types\/page"}],"author":[{"embeddable":true,"href":"https:\/\/encounter.cz\/en\/wp-json\/wp\/v2\/users\/2"}],"replies":[{"embeddable":true,"href":"https:\/\/encounter.cz\/en\/wp-json\/wp\/v2\/comments?post=691"}],"version-history":[{"count":21,"href":"https:\/\/encounter.cz\/en\/wp-json\/wp\/v2\/pages\/691\/revisions"}],"predecessor-version":[{"id":6267,"href":"https:\/\/encounter.cz\/en\/wp-json\/wp\/v2\/pages\/691\/revisions\/6267"}],"up":[{"embeddable":true,"href":"https:\/\/encounter.cz\/en\/wp-json\/wp\/v2\/pages\/2721"}],"wp:featuredmedia":[{"embeddable":true,"href":"https:\/\/encounter.cz\/en\/wp-json\/wp\/v2\/media\/2622"}],"wp:attachment":[{"href":"https:\/\/encounter.cz\/en\/wp-json\/wp\/v2\/media?parent=691"}],"curies":[{"name":"wp","href":"https:\/\/api.w.org\/{rel}","templated":true}]}}