{"id":720,"date":"2024-03-25T13:22:23","date_gmt":"2024-03-25T13:22:23","guid":{"rendered":"https:\/\/encounter.cz\/contact\/"},"modified":"2026-04-09T15:04:59","modified_gmt":"2026-04-09T15:04:59","slug":"contact","status":"publish","type":"page","link":"https:\/\/encounter.cz\/en\/contact\/","title":{"rendered":"Contact"},"content":{"rendered":"\n<div class=\"wp-block-group alignfull has-global-padding is-layout-constrained wp-container-core-group-is-layout-aff63992 wp-block-group-is-layout-constrained\" style=\"margin-top:0;margin-bottom:0;padding-top:0;padding-right:var(--wp--preset--spacing--50);padding-bottom:0;padding-left:var(--wp--preset--spacing--50)\">\n<div class=\"wp-block-columns alignwide is-layout-flex wp-container-core-columns-is-layout-4935966c wp-block-columns-is-layout-flex\" style=\"padding-right:0;padding-left:0\">\n<div class=\"wp-block-column is-layout-flow wp-block-column-is-layout-flow\">\n<div class=\"wp-block-group is-vertical is-content-justification-center is-nowrap is-layout-flex wp-container-core-group-is-layout-866f96e2 wp-block-group-is-layout-flex\" style=\"padding-top:var(--wp--preset--spacing--10);padding-bottom:var(--wp--preset--spacing--10)\">\n<figure class=\"wp-block-image aligncenter size-large\"><img loading=\"lazy\" decoding=\"async\" width=\"1024\" height=\"1024\" src=\"https:\/\/encounter.cz\/wp-content\/uploads\/2025\/12\/ENC2025-85-1024x1024.jpg\" alt=\"\" class=\"wp-image-3059\" srcset=\"https:\/\/encounter.cz\/wp-content\/uploads\/2025\/12\/ENC2025-85-1024x1024.jpg 1024w, https:\/\/encounter.cz\/wp-content\/uploads\/2025\/12\/ENC2025-85-300x300.jpg 300w, https:\/\/encounter.cz\/wp-content\/uploads\/2025\/12\/ENC2025-85-150x150.jpg 150w, https:\/\/encounter.cz\/wp-content\/uploads\/2025\/12\/ENC2025-85-768x768.jpg 768w, https:\/\/encounter.cz\/wp-content\/uploads\/2025\/12\/ENC2025-85-1536x1536.jpg 1536w, https:\/\/encounter.cz\/wp-content\/uploads\/2025\/12\/ENC2025-85-2048x2048.jpg 2048w\" sizes=\"auto, (max-width: 1024px) 100vw, 1024px\" \/><\/figure>\n\n\n\n<h2 class=\"wp-block-heading has-text-align-center has-custom-primary-color has-text-color has-link-color wp-elements-3d3c16c66668d3b74f272043fc3a4279\">Kate\u0159ina Halam\u00ed\u010dkov\u00e1<\/h2>\n\n\n\n<h4 class=\"wp-block-heading has-custom-primary-color has-text-color has-link-color wp-elements-640e92a6ce74ecc054ffc389c899e4e2\">The Festival Director<\/h4>\n\n\n\n<p><a href=\"mailto:info@encounter.cz\">info@encounter.cz<\/a><\/p>\n\n\n\n<p><a href=\"mailto:info@encounter.cz\">director@encounter.cz<\/a><\/p>\n<\/div>\n\n\n\n<div class=\"wp-block-group is-vertical is-content-justification-center is-nowrap is-layout-flex wp-container-core-group-is-layout-866f96e2 wp-block-group-is-layout-flex\" style=\"padding-top:var(--wp--preset--spacing--10);padding-bottom:var(--wp--preset--spacing--10)\">\n<figure class=\"wp-block-image size-large\"><img loading=\"lazy\" decoding=\"async\" width=\"1024\" height=\"1024\" src=\"https:\/\/encounter.cz\/wp-content\/uploads\/2025\/12\/ENC2025-60-1024x1024.jpg\" alt=\"\" class=\"wp-image-3061\" srcset=\"https:\/\/encounter.cz\/wp-content\/uploads\/2025\/12\/ENC2025-60-1024x1024.jpg 1024w, https:\/\/encounter.cz\/wp-content\/uploads\/2025\/12\/ENC2025-60-300x300.jpg 300w, https:\/\/encounter.cz\/wp-content\/uploads\/2025\/12\/ENC2025-60-150x150.jpg 150w, https:\/\/encounter.cz\/wp-content\/uploads\/2025\/12\/ENC2025-60-768x768.jpg 768w, https:\/\/encounter.cz\/wp-content\/uploads\/2025\/12\/ENC2025-60-1536x1536.jpg 1536w, https:\/\/encounter.cz\/wp-content\/uploads\/2025\/12\/ENC2025-60-2048x2048.jpg 2048w\" sizes=\"auto, (max-width: 1024px) 100vw, 1024px\" \/><\/figure>\n\n\n\n<h2 class=\"wp-block-heading has-text-align-center has-custom-primary-color has-text-color has-link-color wp-elements-260226d18982848eaa1f14af3f642f20\">Anna \u0160est\u00e1kov\u00e1<br\/>Pavel Jirgl<\/h2>\n\n\n\n<h4 class=\"wp-block-heading has-custom-primary-color has-text-color has-link-color wp-elements-07b411f1fa7eeeccdc55b0998b045c49\">The Heads of OFF Programme<\/h4>\n\n\n\n<p><a href=\"mailto:offprogram@encounter.cz\">offprogram@encounter.cz<\/a><\/p>\n<\/div>\n\n\n\n<div class=\"wp-block-group is-vertical is-content-justification-center is-nowrap is-layout-flex wp-container-core-group-is-layout-98f48c41 wp-block-group-is-layout-flex\" style=\"padding-top:var(--wp--preset--spacing--30);padding-bottom:var(--wp--preset--spacing--30)\">\n<figure class=\"wp-block-image size-large\"><img loading=\"lazy\" decoding=\"async\" width=\"1024\" height=\"1024\" src=\"https:\/\/encounter.cz\/wp-content\/uploads\/2025\/12\/albert-2-1024x1024.jpg\" alt=\"\" class=\"wp-image-3063\" srcset=\"https:\/\/encounter.cz\/wp-content\/uploads\/2025\/12\/albert-2-1024x1024.jpg 1024w, https:\/\/encounter.cz\/wp-content\/uploads\/2025\/12\/albert-2-300x300.jpg 300w, https:\/\/encounter.cz\/wp-content\/uploads\/2025\/12\/albert-2-150x150.jpg 150w, https:\/\/encounter.cz\/wp-content\/uploads\/2025\/12\/albert-2-768x768.jpg 768w, https:\/\/encounter.cz\/wp-content\/uploads\/2025\/12\/albert-2-1536x1536.jpg 1536w, https:\/\/encounter.cz\/wp-content\/uploads\/2025\/12\/albert-2-2048x2048.jpg 2048w\" sizes=\"auto, (max-width: 1024px) 100vw, 1024px\" \/><\/figure>\n\n\n\n<h2 class=\"wp-block-heading has-custom-primary-color has-text-color has-link-color wp-elements-0b4b18a4cbc39103ceb09234d757a198\">Alberto Zorzo<\/h2>\n\n\n\n<h4 class=\"wp-block-heading has-text-align-center has-custom-primary-color has-text-color has-link-color wp-elements-ad776a3d2e28149915dbe144613b8eb1\">The Head of Guest Service, Jury, Participants<\/h4>\n\n\n\n<p class=\"has-text-align-center\"><a href=\"mailto:participants@encounter.cz\">participants@encounter.cz<\/a><br\/><a href=\"mailto:guests@encounter.cz\" data-type=\"mailto\" data-id=\"mailto:guests@encounter.cz\">guests@encounter.cz<\/a><\/p>\n<\/div>\n\n\n\n<div class=\"wp-block-group is-vertical is-content-justification-center is-nowrap is-layout-flex wp-container-core-group-is-layout-866f96e2 wp-block-group-is-layout-flex\" style=\"padding-top:var(--wp--preset--spacing--10);padding-bottom:var(--wp--preset--spacing--10)\">\n<figure class=\"wp-block-image size-large\"><img loading=\"lazy\" decoding=\"async\" width=\"1024\" height=\"1024\" src=\"https:\/\/encounter.cz\/wp-content\/uploads\/2025\/12\/joujou-1024x1024.jpg\" alt=\"\" class=\"wp-image-3065\" srcset=\"https:\/\/encounter.cz\/wp-content\/uploads\/2025\/12\/joujou-1024x1024.jpg 1024w, https:\/\/encounter.cz\/wp-content\/uploads\/2025\/12\/joujou-300x300.jpg 300w, https:\/\/encounter.cz\/wp-content\/uploads\/2025\/12\/joujou-150x150.jpg 150w, https:\/\/encounter.cz\/wp-content\/uploads\/2025\/12\/joujou-768x768.jpg 768w, https:\/\/encounter.cz\/wp-content\/uploads\/2025\/12\/joujou-1536x1536.jpg 1536w, https:\/\/encounter.cz\/wp-content\/uploads\/2025\/12\/joujou-2048x2048.jpg 2048w\" sizes=\"auto, (max-width: 1024px) 100vw, 1024px\" \/><\/figure>\n\n\n\n<h2 class=\"wp-block-heading has-text-align-center has-custom-primary-color has-text-color has-link-color wp-elements-b6f382d43c0962add629bdc7da6ff4d8\">Julie Michal\u010d\u00edkov\u00e1<\/h2>\n\n\n\n<h4 class=\"wp-block-heading has-custom-primary-color has-text-color has-link-color wp-elements-43ddac5dc5cc0cd5800aae158da9f6ef\">The Head of Fundraising<\/h4>\n\n\n\n<h4 class=\"wp-block-heading\">a ticket and reservation GoOout<\/h4>\n\n\n\n<p class=\"has-text-align-center\"><a href=\"mailto:fundraising@encounter.cz\">fundraising@encounter.cz<\/a><\/p>\n<\/div>\n<\/div>\n\n\n\n<div class=\"wp-block-column is-layout-flow wp-block-column-is-layout-flow\">\n<div class=\"wp-block-group is-vertical is-content-justification-center is-nowrap is-layout-flex wp-container-core-group-is-layout-866f96e2 wp-block-group-is-layout-flex\" style=\"padding-top:var(--wp--preset--spacing--10);padding-bottom:var(--wp--preset--spacing--10)\">\n<figure class=\"wp-block-image size-large\"><img loading=\"lazy\" decoding=\"async\" width=\"1024\" height=\"1024\" src=\"https:\/\/encounter.cz\/wp-content\/uploads\/2025\/12\/hanka-joujou-1024x1024.jpg\" alt=\"\" class=\"wp-image-3069\" srcset=\"https:\/\/encounter.cz\/wp-content\/uploads\/2025\/12\/hanka-joujou-1024x1024.jpg 1024w, https:\/\/encounter.cz\/wp-content\/uploads\/2025\/12\/hanka-joujou-300x300.jpg 300w, https:\/\/encounter.cz\/wp-content\/uploads\/2025\/12\/hanka-joujou-150x150.jpg 150w, https:\/\/encounter.cz\/wp-content\/uploads\/2025\/12\/hanka-joujou-768x768.jpg 768w, https:\/\/encounter.cz\/wp-content\/uploads\/2025\/12\/hanka-joujou-1536x1536.jpg 1536w, https:\/\/encounter.cz\/wp-content\/uploads\/2025\/12\/hanka-joujou-2048x2048.jpg 2048w\" sizes=\"auto, (max-width: 1024px) 100vw, 1024px\" \/><\/figure>\n\n\n\n<h2 class=\"wp-block-heading has-custom-primary-color has-text-color has-link-color wp-elements-6a83058ec3b3f1bab1cbf7325a5b3cd5\">Hana Severinov\u00e1<\/h2>\n\n\n\n<h4 class=\"wp-block-heading has-custom-primary-color has-text-color has-link-color wp-elements-b5b1a64f9a96549ce5194ad4e59738b5\">The Treasurer<\/h4>\n\n\n\n<p><a href=\"mailto:ekonom@encounter.cz\">ekonom@encounter.cz<\/a><\/p>\n<\/div>\n\n\n\n<div style=\"height:7px\" aria-hidden=\"true\" class=\"wp-block-spacer\"><\/div>\n\n\n\n<div class=\"wp-block-group is-vertical is-content-justification-center is-nowrap is-layout-flex wp-container-core-group-is-layout-866f96e2 wp-block-group-is-layout-flex\" style=\"padding-top:var(--wp--preset--spacing--10);padding-bottom:var(--wp--preset--spacing--10)\">\n<figure class=\"wp-block-image size-large\"><img loading=\"lazy\" decoding=\"async\" width=\"1024\" height=\"1024\" src=\"https:\/\/encounter.cz\/wp-content\/uploads\/2025\/12\/ENC2025-134___obnoveny-1-1024x1024.jpg\" alt=\"\" class=\"wp-image-3071\" srcset=\"https:\/\/encounter.cz\/wp-content\/uploads\/2025\/12\/ENC2025-134___obnoveny-1-1024x1024.jpg 1024w, https:\/\/encounter.cz\/wp-content\/uploads\/2025\/12\/ENC2025-134___obnoveny-1-300x300.jpg 300w, https:\/\/encounter.cz\/wp-content\/uploads\/2025\/12\/ENC2025-134___obnoveny-1-150x150.jpg 150w, https:\/\/encounter.cz\/wp-content\/uploads\/2025\/12\/ENC2025-134___obnoveny-1-768x768.jpg 768w, https:\/\/encounter.cz\/wp-content\/uploads\/2025\/12\/ENC2025-134___obnoveny-1-1536x1536.jpg 1536w, https:\/\/encounter.cz\/wp-content\/uploads\/2025\/12\/ENC2025-134___obnoveny-1-2048x2048.jpg 2048w\" sizes=\"auto, (max-width: 1024px) 100vw, 1024px\" \/><\/figure>\n\n\n\n<h2 class=\"wp-block-heading has-text-align-center has-custom-primary-color has-text-color has-link-color wp-elements-09264225043afad3fd5dc2477458b6f0\">Yelyzaveta Sytnychenko<br\/>Zuzana Michalcov\u00e1<\/h2>\n\n\n\n<h4 class=\"wp-block-heading has-text-align-center has-custom-primary-color has-text-color has-link-color wp-elements-64f6036b368ad796d5b912339a82b641\">The Heads of Media and Promotion<\/h4>\n\n\n\n<p class=\"has-text-align-center\"><a href=\"mailto:offprogram@encounter.cz\">propagace@encounter.cz<br\/><\/a><a href=\"mailto:info@encounter.cz\">media@encounter.cz<\/a><\/p>\n<\/div>\n\n\n\n<div class=\"wp-block-group is-vertical is-content-justification-center is-nowrap is-layout-flex wp-container-core-group-is-layout-f88b83d9 wp-block-group-is-layout-flex\" style=\"padding-top:1rem;padding-bottom:1rem\">\n<figure class=\"wp-block-image size-large\"><img loading=\"lazy\" decoding=\"async\" width=\"1024\" height=\"1024\" src=\"https:\/\/encounter.cz\/wp-content\/uploads\/2025\/12\/any-1024x1024.jpg\" alt=\"\" class=\"wp-image-3073\" srcset=\"https:\/\/encounter.cz\/wp-content\/uploads\/2025\/12\/any-1024x1024.jpg 1024w, https:\/\/encounter.cz\/wp-content\/uploads\/2025\/12\/any-300x300.jpg 300w, https:\/\/encounter.cz\/wp-content\/uploads\/2025\/12\/any-150x150.jpg 150w, https:\/\/encounter.cz\/wp-content\/uploads\/2025\/12\/any-768x768.jpg 768w, https:\/\/encounter.cz\/wp-content\/uploads\/2025\/12\/any-1536x1536.jpg 1536w, https:\/\/encounter.cz\/wp-content\/uploads\/2025\/12\/any-2048x2048.jpg 2048w\" sizes=\"auto, (max-width: 1024px) 100vw, 1024px\" \/><\/figure>\n\n\n\n<h2 class=\"wp-block-heading has-custom-primary-color has-text-color has-link-color wp-elements-f70aa1246eabb40d40a6bd9bb4c0ff9b\">Anna Vod\u00e1kov\u00e1<\/h2>\n\n\n\n<h4 class=\"wp-block-heading has-text-align-center has-custom-primary-color has-text-color has-link-color wp-elements-7149497b1c19d4b7ac566e226248711f\">The Head of Technical support<\/h4>\n\n\n\n<p style=\"margin-top:0;margin-bottom:0;line-height:1.5\"><a href=\"mailto:participants@encounter.cz\">participants@encounter.cz<\/a><\/p>\n<\/div>\n\n\n\n<div style=\"height:24px\" aria-hidden=\"true\" class=\"wp-block-spacer\"><\/div>\n\n\n\n<div class=\"wp-block-group is-vertical is-content-justification-center is-nowrap is-layout-flex wp-container-core-group-is-layout-2370cf3b wp-block-group-is-layout-flex\" style=\"padding-top:var(--wp--preset--spacing--20);padding-bottom:var(--wp--preset--spacing--20)\">\n<figure class=\"wp-block-image size-large\"><img loading=\"lazy\" decoding=\"async\" width=\"1024\" height=\"1024\" src=\"https:\/\/encounter.cz\/wp-content\/uploads\/2025\/12\/ENC2025-106___obnoveny-1024x1024.jpg\" alt=\"\" class=\"wp-image-3075\" srcset=\"https:\/\/encounter.cz\/wp-content\/uploads\/2025\/12\/ENC2025-106___obnoveny-1024x1024.jpg 1024w, https:\/\/encounter.cz\/wp-content\/uploads\/2025\/12\/ENC2025-106___obnoveny-300x300.jpg 300w, https:\/\/encounter.cz\/wp-content\/uploads\/2025\/12\/ENC2025-106___obnoveny-150x150.jpg 150w, https:\/\/encounter.cz\/wp-content\/uploads\/2025\/12\/ENC2025-106___obnoveny-768x768.jpg 768w, https:\/\/encounter.cz\/wp-content\/uploads\/2025\/12\/ENC2025-106___obnoveny-1536x1536.jpg 1536w, https:\/\/encounter.cz\/wp-content\/uploads\/2025\/12\/ENC2025-106___obnoveny-2048x2048.jpg 2048w\" sizes=\"auto, (max-width: 1024px) 100vw, 1024px\" \/><\/figure>\n\n\n\n<h2 class=\"wp-block-heading has-text-align-center has-custom-primary-color has-text-color has-link-color wp-elements-3f52d3f44b2562633e9075b1ca13c654\" style=\"margin-top:0;margin-bottom:0;padding-top:0;padding-bottom:0\">Eva Kaslov\u00e1<\/h2>\n\n\n\n<h4 class=\"wp-block-heading has-custom-primary-color has-text-color has-link-color wp-elements-24a6129c195206559cc3c150e365223e\" style=\"margin-top:0;margin-bottom:0\">The Art Director<\/h4>\n\n\n\n<h2 class=\"wp-block-heading has-text-align-center has-custom-primary-color has-text-color has-link-color wp-elements-fa09b48bb3790cb183a43c46e0fd2b54\">Josef Ko\u017en\u00e1rek<\/h2>\n\n\n\n<h4 class=\"wp-block-heading has-text-align-center has-custom-primary-color has-text-color has-link-color wp-elements-5ac271237ccce63ff7b6271cc891ead7\">Art Section Coordinator<\/h4>\n\n\n\n<p><a href=\"mailto:participants@encounter.cz\">art@encounter.cz<\/a><\/p>\n<\/div>\n<\/div>\n<\/div>\n<\/div>\n\n<div class=\"wp-block-group is-vertical is-content-justification-center is-nowrap is-layout-flex wp-container-core-group-is-layout-d6b65367 wp-block-group-is-layout-flex\" style=\"padding-top:0;padding-bottom:0\">\n<figure class=\"wp-block-image size-large\"><img loading=\"lazy\" decoding=\"async\" width=\"1024\" height=\"1024\" src=\"https:\/\/encounter.cz\/wp-content\/uploads\/2025\/12\/ani-a-divoky-2-1024x1024.jpg\" alt=\"\" class=\"wp-image-3067\" srcset=\"https:\/\/encounter.cz\/wp-content\/uploads\/2025\/12\/ani-a-divoky-2-1024x1024.jpg 1024w, https:\/\/encounter.cz\/wp-content\/uploads\/2025\/12\/ani-a-divoky-2-300x300.jpg 300w, https:\/\/encounter.cz\/wp-content\/uploads\/2025\/12\/ani-a-divoky-2-150x150.jpg 150w, https:\/\/encounter.cz\/wp-content\/uploads\/2025\/12\/ani-a-divoky-2-768x768.jpg 768w, https:\/\/encounter.cz\/wp-content\/uploads\/2025\/12\/ani-a-divoky-2-1536x1536.jpg 1536w, https:\/\/encounter.cz\/wp-content\/uploads\/2025\/12\/ani-a-divoky-2-2048x2048.jpg 2048w\" sizes=\"auto, (max-width: 1024px) 100vw, 1024px\" \/><\/figure>\n\n\n\n<h2 class=\"wp-block-heading has-custom-primary-color has-text-color has-link-color wp-elements-1ad8e4f51f3eb623fee5cfeba8e28629\">Anna Vod\u00e1kov\u00e1<br\/>Vojt\u011bch Divok\u00fd<\/h2>\n\n\n\n<h4 class=\"wp-block-heading has-custom-primary-color has-text-color has-link-color wp-elements-0d8504f48cae2af60d3191ba42dd36d9\">Logistics<\/h4>\n\n\n\n<p><a href=\"mailto:logistics@encounter.cz\">logistics@encounter.cz<\/a><\/p>\n<\/div>\n\n<div class=\"wp-block-group alignwide is-vertical is-layout-flex wp-container-core-group-is-layout-fe9cc265 wp-block-group-is-layout-flex\">\n<div style=\"height:43px\" aria-hidden=\"true\" class=\"wp-block-spacer wp-container-content-5522c953\"><\/div>\n\n\n\n<p>Photo: Jasm\u00edna Georgievov\u00e1<\/p>\n<\/div>\n\n<div style=\"height:100px\" aria-hidden=\"true\" class=\"wp-block-spacer\"><\/div>\n\n<p style=\"line-height:10\"><\/p>\n","protected":false},"excerpt":{"rendered":"<p>Kate\u0159ina Halam\u00ed\u010dkov\u00e1 The Festival Director info@encounter.cz director@encounter.cz Anna \u0160est\u00e1kov\u00e1Pavel Jirgl The Heads of OFF Programme offprogram@encounter.cz Alberto Zorzo The Head of Guest Service, Jury, Participants participants@encounter.czguests@encounter.cz Julie Michal\u010d\u00edkov\u00e1 The Head of Fundraising a ticket and reservation GoOout fundraising@encounter.cz Hana Severinov\u00e1 The Treasurer ekonom@encounter.cz Yelyzaveta SytnychenkoZuzana Michalcov\u00e1 The Heads of Media and Promotion propagace@encounter.czmedia@encounter.cz Anna Vod\u00e1kov\u00e1 [&hellip;]<\/p>\n","protected":false},"author":2,"featured_media":2624,"parent":0,"menu_order":0,"comment_status":"closed","ping_status":"closed","template":"","meta":{"footnotes":""},"class_list":["post-720","page","type-page","status-publish","has-post-thumbnail","hentry"],"_links":{"self":[{"href":"https:\/\/encounter.cz\/en\/wp-json\/wp\/v2\/pages\/720","targetHints":{"allow":["GET"]}}],"collection":[{"href":"https:\/\/encounter.cz\/en\/wp-json\/wp\/v2\/pages"}],"about":[{"href":"https:\/\/encounter.cz\/en\/wp-json\/wp\/v2\/types\/page"}],"author":[{"embeddable":true,"href":"https:\/\/encounter.cz\/en\/wp-json\/wp\/v2\/users\/2"}],"replies":[{"embeddable":true,"href":"https:\/\/encounter.cz\/en\/wp-json\/wp\/v2\/comments?post=720"}],"version-history":[{"count":12,"href":"https:\/\/encounter.cz\/en\/wp-json\/wp\/v2\/pages\/720\/revisions"}],"predecessor-version":[{"id":5863,"href":"https:\/\/encounter.cz\/en\/wp-json\/wp\/v2\/pages\/720\/revisions\/5863"}],"wp:featuredmedia":[{"embeddable":true,"href":"https:\/\/encounter.cz\/en\/wp-json\/wp\/v2\/media\/2624"}],"wp:attachment":[{"href":"https:\/\/encounter.cz\/en\/wp-json\/wp\/v2\/media?parent=720"}],"curies":[{"name":"wp","href":"https:\/\/api.w.org\/{rel}","templated":true}]}}